{"id":5964,"date":"2023-12-19T01:58:55","date_gmt":"2023-12-18T22:58:55","guid":{"rendered":"https:\/\/atamder.org\/?page_id=5964"},"modified":"2024-03-26T00:50:38","modified_gmt":"2024-03-25T21:50:38","slug":"avrasya-devletlerve-milletlercemiyeti","status":"publish","type":"page","link":"https:\/\/atamder.org\/index.php\/avrasya-devletlerve-milletlercemiyeti\/","title":{"rendered":"AVRASYA DEVLETLER VE M\u0130LLETLER CEM\u0130YET\u0130"},"content":{"rendered":"\n<p class=\"has-text-align-center\"><strong>\u201cAVRASYA BARI\u015e B\u0130RL\u0130\u011e\u0130\u201d<\/strong><\/p>\n\n\n\n<p class=\"has-text-align-center\"><\/p>\n\n\n\n<div data-wp-interactive=\"\" class=\"wp-block-file\"><object data-wp-bind--hidden=\"!selectors.core.file.hasPdfPreview\" hidden class=\"wp-block-file__embed\" data=\"https:\/\/atamder.org\/wp-content\/uploads\/2024\/03\/AVRASYA-DEVLETLER-VE-MILLETLER-CEMIYETI-MANIFESTO-1.pdf\" type=\"application\/pdf\" style=\"width:100%;height:600px\" aria-label=\"AVRASYA-DEVLETLER-VE-MILLETLER-CEMIYETI-MANIFESTO-1 g\u00f6m\u00fcs\u00fc.\"><\/object><a id=\"wp-block-file--media-b6b2a13f-cd8d-49d9-9d5f-57c7b8bde222\" href=\"https:\/\/atamder.org\/wp-content\/uploads\/2024\/03\/AVRASYA-DEVLETLER-VE-MILLETLER-CEMIYETI-MANIFESTO-1.pdf\">AVRASYA-DEVLETLER-VE-MILLETLER-CEMIYETI-MANIFESTO-1<\/a><a href=\"https:\/\/atamder.org\/wp-content\/uploads\/2024\/03\/AVRASYA-DEVLETLER-VE-MILLETLER-CEMIYETI-MANIFESTO-1.pdf\" class=\"wp-block-file__button wp-element-button\" download aria-describedby=\"wp-block-file--media-b6b2a13f-cd8d-49d9-9d5f-57c7b8bde222\">\u0130ndir<\/a><\/div>\n\n\n\n<p><\/p>\n","protected":false},"excerpt":{"rendered":"<p>\u201cAVRASYA BARI\u015e B\u0130RL\u0130\u011e\u0130\u201d<\/p>\n","protected":false},"author":1,"featured_media":0,"parent":0,"menu_order":0,"comment_status":"closed","ping_status":"closed","template":"","meta":{"footnotes":""},"_links":{"self":[{"href":"https:\/\/atamder.org\/index.php\/wp-json\/wp\/v2\/pages\/5964"}],"collection":[{"href":"https:\/\/atamder.org\/index.php\/wp-json\/wp\/v2\/pages"}],"about":[{"href":"https:\/\/atamder.org\/index.php\/wp-json\/wp\/v2\/types\/page"}],"author":[{"embeddable":true,"href":"https:\/\/atamder.org\/index.php\/wp-json\/wp\/v2\/users\/1"}],"replies":[{"embeddable":true,"href":"https:\/\/atamder.org\/index.php\/wp-json\/wp\/v2\/comments?post=5964"}],"version-history":[{"count":5,"href":"https:\/\/atamder.org\/index.php\/wp-json\/wp\/v2\/pages\/5964\/revisions"}],"predecessor-version":[{"id":6086,"href":"https:\/\/atamder.org\/index.php\/wp-json\/wp\/v2\/pages\/5964\/revisions\/6086"}],"wp:attachment":[{"href":"https:\/\/atamder.org\/index.php\/wp-json\/wp\/v2\/media?parent=5964"}],"curies":[{"name":"wp","href":"https:\/\/api.w.org\/{rel}","templated":true}]}}