{"id":5805,"date":"2023-09-04T01:54:43","date_gmt":"2023-09-03T22:54:43","guid":{"rendered":"https:\/\/atamder.org\/?page_id=5805"},"modified":"2023-09-04T01:54:43","modified_gmt":"2023-09-03T22:54:43","slug":"turkdes-bilim-enstitusu","status":"publish","type":"page","link":"https:\/\/atamder.org\/index.php\/turkdes-bilim-enstitusu\/","title":{"rendered":"T\u00dcRKDES B\u0130L\u0130M ENST\u0130T\u00dcS\u00dc"},"content":{"rendered":"","protected":false},"excerpt":{"rendered":"","protected":false},"author":1,"featured_media":0,"parent":0,"menu_order":0,"comment_status":"closed","ping_status":"closed","template":"","meta":{"footnotes":""},"_links":{"self":[{"href":"https:\/\/atamder.org\/index.php\/wp-json\/wp\/v2\/pages\/5805"}],"collection":[{"href":"https:\/\/atamder.org\/index.php\/wp-json\/wp\/v2\/pages"}],"about":[{"href":"https:\/\/atamder.org\/index.php\/wp-json\/wp\/v2\/types\/page"}],"author":[{"embeddable":true,"href":"https:\/\/atamder.org\/index.php\/wp-json\/wp\/v2\/users\/1"}],"replies":[{"embeddable":true,"href":"https:\/\/atamder.org\/index.php\/wp-json\/wp\/v2\/comments?post=5805"}],"version-history":[{"count":1,"href":"https:\/\/atamder.org\/index.php\/wp-json\/wp\/v2\/pages\/5805\/revisions"}],"predecessor-version":[{"id":5809,"href":"https:\/\/atamder.org\/index.php\/wp-json\/wp\/v2\/pages\/5805\/revisions\/5809"}],"wp:attachment":[{"href":"https:\/\/atamder.org\/index.php\/wp-json\/wp\/v2\/media?parent=5805"}],"curies":[{"name":"wp","href":"https:\/\/api.w.org\/{rel}","templated":true}]}}