{"id":5524,"date":"2023-01-13T03:21:54","date_gmt":"2023-01-13T00:21:54","guid":{"rendered":"https:\/\/atamder.org\/?page_id=5524"},"modified":"2023-11-19T23:33:22","modified_gmt":"2023-11-19T20:33:22","slug":"atamder-teskilat-semasi","status":"publish","type":"page","link":"https:\/\/atamder.org\/index.php\/atamder-teskilat-semasi\/","title":{"rendered":"ATAMDER TE\u015eK\u0130LAT \u015eEMASI"},"content":{"rendered":"\n<div class=\"wp-block-image\"><figure class=\"aligncenter size-full\"><img loading=\"lazy\" decoding=\"async\" width=\"250\" height=\"250\" src=\"https:\/\/atamder.org\/wp-content\/uploads\/2023\/11\/ATAMDER-LOGOLAR.png\" alt=\"\" class=\"wp-image-5869\" srcset=\"https:\/\/atamder.org\/wp-content\/uploads\/2023\/11\/ATAMDER-LOGOLAR.png 250w, https:\/\/atamder.org\/wp-content\/uploads\/2023\/11\/ATAMDER-LOGOLAR-150x150.png 150w, https:\/\/atamder.org\/wp-content\/uploads\/2023\/11\/ATAMDER-LOGOLAR-140x140.png 140w, https:\/\/atamder.org\/wp-content\/uploads\/2023\/11\/ATAMDER-LOGOLAR-100x100.png 100w\" sizes=\"(max-width: 250px) 100vw, 250px\" \/><\/figure><\/div>\n\n\n\n<p><\/p>\n\n\n\n<div class=\"wp-block-image\"><figure class=\"alignleft size-large is-resized\"><img loading=\"lazy\" decoding=\"async\" src=\"https:\/\/atamder.org\/wp-content\/uploads\/2023\/09\/image-2-1024x587.png\" alt=\"\" class=\"wp-image-5775\" width=\"1044\" height=\"598\" srcset=\"https:\/\/atamder.org\/wp-content\/uploads\/2023\/09\/image-2-1024x587.png 1024w, https:\/\/atamder.org\/wp-content\/uploads\/2023\/09\/image-2-300x172.png 300w, https:\/\/atamder.org\/wp-content\/uploads\/2023\/09\/image-2-768x440.png 768w, https:\/\/atamder.org\/wp-content\/uploads\/2023\/09\/image-2-1536x880.png 1536w, https:\/\/atamder.org\/wp-content\/uploads\/2023\/09\/image-2-140x80.png 140w, https:\/\/atamder.org\/wp-content\/uploads\/2023\/09\/image-2-600x344.png 600w, https:\/\/atamder.org\/wp-content\/uploads\/2023\/09\/image-2.png 1715w\" sizes=\"(max-width: 1044px) 100vw, 1044px\" \/><\/figure><\/div>\n\n\n\n<p><\/p>\n\n\n\n<p><\/p>\n\n\n\n<p><\/p>\n\n\n\n<p><\/p>\n\n\n\n<h6 class=\"has-text-align-right wp-block-heading\"><a href=\"https:\/\/atamder.org\/index.php\/hakkimizda-2\/\" data-type=\"URL\" data-id=\"https:\/\/atamder.org\/index.php\/hakkimizda-2\/\">\u00d6NCEK\u0130 SAYFA<\/a><\/h6>\n","protected":false},"excerpt":{"rendered":"<p>\u00d6NCEK\u0130 SAYFA<\/p>\n","protected":false},"author":1,"featured_media":0,"parent":0,"menu_order":0,"comment_status":"closed","ping_status":"closed","template":"","meta":{"footnotes":""},"_links":{"self":[{"href":"https:\/\/atamder.org\/index.php\/wp-json\/wp\/v2\/pages\/5524"}],"collection":[{"href":"https:\/\/atamder.org\/index.php\/wp-json\/wp\/v2\/pages"}],"about":[{"href":"https:\/\/atamder.org\/index.php\/wp-json\/wp\/v2\/types\/page"}],"author":[{"embeddable":true,"href":"https:\/\/atamder.org\/index.php\/wp-json\/wp\/v2\/users\/1"}],"replies":[{"embeddable":true,"href":"https:\/\/atamder.org\/index.php\/wp-json\/wp\/v2\/comments?post=5524"}],"version-history":[{"count":9,"href":"https:\/\/atamder.org\/index.php\/wp-json\/wp\/v2\/pages\/5524\/revisions"}],"predecessor-version":[{"id":5877,"href":"https:\/\/atamder.org\/index.php\/wp-json\/wp\/v2\/pages\/5524\/revisions\/5877"}],"wp:attachment":[{"href":"https:\/\/atamder.org\/index.php\/wp-json\/wp\/v2\/media?parent=5524"}],"curies":[{"name":"wp","href":"https:\/\/api.w.org\/{rel}","templated":true}]}}