{"id":4077,"date":"2020-09-13T18:09:50","date_gmt":"2020-09-13T15:09:50","guid":{"rendered":"http:\/\/atamder.org\/?page_id=4077"},"modified":"2021-01-28T16:05:38","modified_gmt":"2021-01-28T13:05:38","slug":"atamder-koy-enstituleri","status":"publish","type":"page","link":"https:\/\/atamder.org\/index.php\/atamder-koy-enstituleri\/","title":{"rendered":"ATAMDER TARIM ENST\u0130T\u00dcLER\u0130"},"content":{"rendered":"\n<p><\/p>\n\n\n\n<p>AMA\u00c7;<\/p>\n\n\n\n<p>Tar\u0131m Enstit\u00fcleri, g\u00fcn\u00fcm\u00fcz d\u00fcnyas\u0131nda tar\u0131m ve hayvanc\u0131l\u0131\u011fa ihtiyac\u0131n artmas\u0131 ve organik tar\u0131m ve hayvanc\u0131l\u0131\u011f\u0131n tar\u0131ma elveri\u015fli alanlarda verimlili\u011fin artt\u0131r\u0131lmas\u0131n\u0131 hedef edinmi\u015f olup, y\u00f6resel halk\u0131n e\u011fitilmesi, bilin\u00e7lendirilmesi ;<\/p>\n\n\n\n<p>1- E\u011fitim &#8211; \u00fcretim ili\u015fkisinin \u00f6nemi, \u00e7evreye ve do\u011faya uyumlu yap\u0131s\u0131n\u0131n olu\u015fturulmas\u0131, \u00f6zg\u00fcn, demokratik, bilimsel e\u011fitim, planl\u0131 geli\u015fimin olu\u015fturulmas\u0131, bulunduklar\u0131 y\u00f6reye ve \u00fclkeye olan toplumsal katk\u0131n\u0131n sa\u011flanmas\u0131,<\/p>\n\n\n\n<p> 2- Tar\u0131ma elveri\u015fli b\u00f6lgelerde modern tar\u0131m teknikleri konusunda k\u00f6yl\u00fclere e\u011fitim vermek,<\/p>\n\n\n\n<p>3- Bilinmeyen tar\u0131m t\u00fcrlerini k\u00f6yl\u00fclere \u00f6\u011freterek tar\u0131m \u00fcr\u00fcnlerindeki \u00e7ok \u00e7e\u015fitlili\u011fi yayg\u0131nla\u015ft\u0131rmak, <\/p>\n\n\n\n<p>4- Yoksul k\u00f6y \u00e7ocuklar\u0131n\u0131 e\u011fitim ve \u00f6\u011fretimle, kitapla, e\u011fitim hakk\u0131yla, sanatla, m\u00fczikle bulu\u015fturmak,<\/p>\n\n\n\n<p>5- T\u00fcketim veya \u00dcretim Kooperatiflerinin kurulmas\u0131n\u0131 sa\u011flamak,<\/p>\n\n\n\n<p>6- \u00dcretilen \u00fcr\u00fcnlerin do\u011frudan t\u00fcketiciye ula\u015ft\u0131r\u0131lmas\u0131n\u0131 sa\u011flamak i\u00e7in d\u00fcnya piyasas\u0131ndaki g\u00fcncel fiyat verilerini tutmak ve \u00e7ift\u00e7inin \u00fcretti\u011fi \u00fcr\u00fcnlerden maximum kazan\u00e7 elde etmesini sa\u011flayarak \u00e7ift\u00e7iyi arac\u0131 kurumlardan kurtarmak,<\/p>\n\n\n\n<p>amac\u0131 ile \u00e7al\u0131\u015fmalar yapacakt\u0131r.<\/p>\n\n\n\n<p><\/p>\n\n\n\n<h6 class=\"has-text-align-right wp-block-heading\"><a href=\"https:\/\/atamder.org\/index.php\/enstitu\/\">\u00d6NCEK\u0130 SAYFA<\/a><\/h6>\n\n\n\n<p><\/p>\n","protected":false},"excerpt":{"rendered":"<p>AMA\u00c7; Tar\u0131m Enstit\u00fcleri, g\u00fcn\u00fcm\u00fcz d\u00fcnyas\u0131nda tar\u0131m ve hayvanc\u0131l\u0131\u011fa ihtiyac\u0131n artmas\u0131 ve organik tar\u0131m ve hayvanc\u0131l\u0131\u011f\u0131n tar\u0131ma elveri\u015fli alanlarda verimlili\u011fin artt\u0131r\u0131lmas\u0131n\u0131 hedef edinmi\u015f olup, y\u00f6resel halk\u0131n e\u011fitilmesi, bilin\u00e7lendirilmesi ; 1- E\u011fitim&hellip;<\/p>\n","protected":false},"author":2,"featured_media":0,"parent":0,"menu_order":0,"comment_status":"closed","ping_status":"closed","template":"","meta":{"footnotes":""},"_links":{"self":[{"href":"https:\/\/atamder.org\/index.php\/wp-json\/wp\/v2\/pages\/4077"}],"collection":[{"href":"https:\/\/atamder.org\/index.php\/wp-json\/wp\/v2\/pages"}],"about":[{"href":"https:\/\/atamder.org\/index.php\/wp-json\/wp\/v2\/types\/page"}],"author":[{"embeddable":true,"href":"https:\/\/atamder.org\/index.php\/wp-json\/wp\/v2\/users\/2"}],"replies":[{"embeddable":true,"href":"https:\/\/atamder.org\/index.php\/wp-json\/wp\/v2\/comments?post=4077"}],"version-history":[{"count":4,"href":"https:\/\/atamder.org\/index.php\/wp-json\/wp\/v2\/pages\/4077\/revisions"}],"predecessor-version":[{"id":4674,"href":"https:\/\/atamder.org\/index.php\/wp-json\/wp\/v2\/pages\/4077\/revisions\/4674"}],"wp:attachment":[{"href":"https:\/\/atamder.org\/index.php\/wp-json\/wp\/v2\/media?parent=4077"}],"curies":[{"name":"wp","href":"https:\/\/api.w.org\/{rel}","templated":true}]}}