{"id":3775,"date":"2020-09-12T02:37:34","date_gmt":"2020-09-11T23:37:34","guid":{"rendered":"http:\/\/atamder.org\/?page_id=3775"},"modified":"2024-02-15T12:32:00","modified_gmt":"2024-02-15T09:32:00","slug":"turkmenistan-atamder-temsilcisi","status":"publish","type":"page","link":"https:\/\/atamder.org\/index.php\/turkmenistan-atamder-temsilcisi\/","title":{"rendered":"T\u00dcRKMEN\u0130STAN ATAMDER TEMS\u0130LC\u0130S\u0130"},"content":{"rendered":"<div class=\"wp-block-image\">\n<figure class=\"aligncenter size-full is-resized\"><img loading=\"lazy\" decoding=\"async\" width=\"184\" height=\"249\" src=\"https:\/\/atamder.org\/wp-content\/uploads\/2024\/02\/image.png\" alt=\"\" class=\"wp-image-6018\" style=\"width:261px;height:auto\" srcset=\"https:\/\/atamder.org\/wp-content\/uploads\/2024\/02\/image.png 184w, https:\/\/atamder.org\/wp-content\/uploads\/2024\/02\/image-140x189.png 140w\" sizes=\"(max-width: 184px) 100vw, 184px\" \/><\/figure><\/div>\n\n\n<p><strong>Ad\u0131 Soyad\u0131 : Dr. Ogulceren Haciyeva<\/strong><br>e-posta : oguljerenti@mail.ru<br>Cep: +99363 649358<br><\/p>\n\n\n\n<p><strong>\u00d6ZGE\u00c7M\u0130\u015e<\/strong><br>Lisans. Turkmenistan Sanat Okulu (A\u015fkabat, T\u00fcrkmenistan ) 1968-1972.<br>Mimarlik T\u00fcrkmen Politeknik Enstit\u00fcs\u00fc (A\u015fkabat, T\u00fcrkmenistan ) 1972-1977.<br>Doktora. Mimarlik tarihi ve teorisi. Mimarl\u0131k Tarihi ve Teorisi Ara\u015ft\u0131rma Enstit\u00fcs\u00fc (Moskova,<br>Rusya ) 1979-1983.<br>Doktora. Mimarlik tarihi ve teorisi. Moskova Mimarl\u0131k Enstit\u00fcs\u00fc (Moskova, Rusya) 1987.<br><strong>Akademik Unvanlar ve G\u00f6revler<\/strong><br>O.A. Haciyeva T\u00fcrkmen Y\u00fcksek Attestasyon Komitesinin uzman\u0131, Mimarl\u0131k Doktoru,<br>T\u00fcrkmenistan Bilim Akademisinin Tarih Enstit\u00fcs\u00fcn\u00fcn Tez Savunma Kurulu \u00fcyesi,<br>T\u00fcrkmenistan Mimarlar Birli\u011finin \u00fcyesi, T\u00fcrk D\u00fcnyas\u0131n\u0131n M\u00fchendisler ve Mimarlar Birli\u011finin<br>T\u00fcrkmenistan temsilcisi (T\u00dcRKSOY), Sanat ve Mimarlik T\u00fcrki Kurulunun \u00fcyesi (Bak\u00fc).<br><strong>Akademik \u00c7al\u0131\u015fmalar.<br><\/strong>Sanat ve mimarl\u0131k konular\u0131nda y\u00fcze yak\u0131n makalelerin sahibi. Tam olmayan liste ayr\u0131 dosyada<br>verilmi\u015ftir.<\/p>\n\n\n\n<p><strong>Oguljeren Ayhanovna Hajieva<\/strong><br>Dr. Hajleva is a scholar, an artist with public exhibitions, an art and architecture historian, an<br>internationally published author and jury member on numerous national and international<br>competitions. Oguljeren&#8217;s research is focused on tradition and continuity and general cultural themes.<br>She is a registered architect with Turkmenistan Union of Architects. Dr. Hajieva<br>leads the Scientific and Methodology Department at Turkmenistan Museum of Fine Arts. Dr. Hajieva<br>was a former researcher at the Institute of Cultural Heritage of Turkmenistan.<br>She also taught at the Department of Architecture of the Turkmen State Institute of Architecture and<br>Construction, as well as at the Academy of Arts of Turkmenistan.,<\/p>\n\n\n\n<p><br><strong>\u0425\u0430\u0434\u0436\u0438\u0435\u0432\u0430 \u041e\u0433\u0443\u043b\u0434\u0436\u0435\u0440\u0435\u043d \u0410\u0439\u0445\u0430\u043d\u043e\u0432\u043d\u0430<\/strong><br>\u041a\u0430\u043d\u0434\u0438\u0434\u0430\u0442 \u0430\u0440\u0445\u0438\u0442\u0435\u043a\u0442\u0443\u0440\u044b, \u0425\u0443\u0434\u043e\u0436\u043d\u0438\u043a, \u0438\u0441\u043a\u0443\u0441\u0441\u0442\u0432\u043e\u0432\u0435\u0434, \u0438\u0441\u0442\u043e\u0440\u0438\u043a \u0430\u0440\u0445\u0438\u0442\u0435\u043a\u0442\u0443\u0440\u044b. \u041e\u043a\u043e\u043d\u0447\u0438\u043b\u0430 \u0422\u0443\u0440\u043a\u043c\u0435\u043d\u0441\u043a\u043e\u0435<br>\u0433\u043e\u0441\u0443\u0434\u0430\u0440\u0441\u0442\u0432\u0435\u043d\u043d\u043e\u0435 \u0445\u0443\u0434\u043e\u0436\u0435\u0441\u0442\u0432\u0435\u043d\u043d\u043e\u0435 \u0443\u0447\u0438\u043b\u0438\u0449\u0435. \u0422\u0443\u0440\u043a\u043c\u0435\u043d\u0441\u043a\u0438\u0439<br>\u0433\u043e\u0441\u0443\u0434\u0430\u0440\u0441\u0442\u0432\u0435\u043d\u043d\u044b\u0439 \u0438\u043d\u0441\u0442\u0438\u0442\u0443\u0442 \u0441\u0442\u0440\u043e\u0438\u0442\u0435\u043b\u044c\u0441\u0442\u0432\u0430 \u0438 \u0430\u0440\u0445\u0438\u0442\u0435\u043a\u0442\u0443\u0440\u044b.<br>\u041e\u0442\u0434\u0435\u043b\u0435\u043d\u0438\u0435 \u00ab\u0410\u0440\u0445\u0438\u0442\u0435\u043a\u0442\u0443\u0440\u0430\u00bb. \u0423\u0447\u0438\u043b\u0430\u0441\u044c \u0432 \u0430\u0441\u043f\u0438\u0440\u0430\u043d\u0442\u0443\u0440\u0435 \u0426\u0435\u043d\u0442\u0440\u0430\u043b\u044c\u043d\u043e\u0433\u043e \u043d\u0430\u0443\u0447\u043d\u043e<br>\u0438\u0441\u0441\u043b\u0435\u0434\u043e\u0432\u0430\u0442\u0435\u043b\u044c\u0441\u043a\u043e\u0433\u043e \u0438\u043d\u0441\u0442\u0438\u0442\u0443\u0442\u0430 \u0442\u0435\u043e\u0440\u0438\u0438 \u0438 \u0438\u0441\u0442\u043e\u0440\u0438\u0438 \u0430\u0440\u0445\u0438\u0442\u0435\u043a\u0442\u0443\u0440\u044b (\u0426\u041d\u0418\u0418\u0422\u0418\u0410).\u0413<br>\u041c\u043e\u0441\u043a\u0432\u0430. \u0412 1987 \u0433\u043e\u0434\u0443 \u0437\u0430\u0449\u0438\u0442\u0438\u043b\u0430 \u043a\u0430\u043d\u0434\u0438\u0434\u0430\u0442\u0441\u043a\u0443\u044e \u0434\u0438\u0441\u0441\u0435\u0440\u0442\u0430\u0446\u0438\u044e \u0432 \u041c\u043e\u0441\u043a\u043e\u0432\u0441\u043a\u043e\u043c \u0430\u0440\u0445\u0438\u0442\u0435\u043a\u0442\u0443\u0440\u043d\u043e\u043c<br>\u0438\u043d\u0441\u0442\u0438\u0442\u0443\u0442\u0435 (\u041c\u0410\u0420\u0425\u0418). \u0420\u0430\u0431\u043e\u0442\u0430\u043b\u0430 \u0432 \u043e\u0442\u0434\u0435\u043b\u0435 \u0442\u0435\u043e\u0440\u0438\u0438 \u0438 \u0438\u0441\u0442\u043e\u0440\u0438\u0438 \u0438\u0441\u043a\u0443\u0441\u0441\u0442\u0432 \u0410\u043a\u0430\u0434\u0435\u043c\u0438\u0438 \u043d\u0430\u0443\u043a<br>\u0422\u0443\u0440\u043a\u043c\u0435\u043d\u0438\u0441\u0442\u0430\u043d\u0430. \u041f\u0440\u0435\u043f\u043e\u0434\u0430\u0432\u0430\u043b\u0430 \u043d\u0430 \u043a\u0430\u0444\u0435\u0434\u0440\u0435 \u00ab\u0410\u0440\u0445\u0438\u0442\u0435\u043a\u0442\u0443\u0440\u0430\u00bb \u0422\u0443\u0440\u043a\u043c\u0435\u043d\u0441\u043a\u043e\u0433\u043e<br>\u0430\u0440\u0445\u0438\u0442\u0435\u043a\u0442\u0443\u0440\u043d\u043e-\u0441\u0442\u0440\u043e\u0438\u0442\u0435\u043b\u044c\u043d\u043e\u0433\u043e \u0438\u043d\u0441\u0442\u0438\u0442\u0443\u0442\u0430, \u0430 \u0442\u0430\u043a\u0436\u0435 \u0432 \u0410\u043a\u0430\u0434\u0435\u043c\u0438\u0438 \u0425\u0443\u0434\u043e\u0436\u0435\u0441\u0442\u0432 \u0422\u0443\u0440\u043a\u043c\u0435\u043d\u0438\u0441\u0442\u0430\u043d\u0430. \u0412\u0435\u043b\u0430<br>\u043d\u0430\u0443\u0447\u043d\u0443\u044e \u0440\u0430\u0431\u043e\u0442\u0443 \u0432 \u0418\u043d\u0441\u0442\u0438\u0442\u0443\u0442\u0435 \u041a\u0443\u043b\u044c\u0442\u0443\u0440\u043d\u043e\u0433\u043e \u041d\u0430\u0441\u043b\u0435\u0434\u0438\u044f \u0422\u0443\u0440\u043a\u043c\u0435\u043d\u0438\u0441\u0442\u0430\u043d\u0430, \u0441\u0442\u0440\u0430\u043d \u0412\u043e\u0441\u0442\u043e\u043a\u0430 \u0438<br>\u0426\u0435\u043d\u0442\u0440\u0430\u043b\u044c\u043d\u043e\u0439 \u0410\u0437\u0438\u0438 \u043f\u0440\u0438 \u041f\u0440\u0435\u0437\u0438\u0434\u0435\u043d\u0442\u0435 \u0422\u0443\u0440\u043a\u043c\u0435\u043d\u0438\u0441\u0442\u0430\u043d\u0430. \u0420\u0430\u0431\u043e\u0442\u0430\u043b\u0430 \u0432 \u043c\u0443\u0437\u0435\u0435 \u0438\u0437\u043e\u0431\u0440\u0430\u0437\u0438\u0442\u0435\u043b\u044c\u043d\u044b\u0445 \u0438\u0441\u043a\u0443\u0441\u0441\u0442\u0432<br>\u0438\u043c. \u0421.\u0422\u0443\u0440\u043a\u043c\u0435\u043d\u0431\u0430\u0448\u0438 \u0433\u043b\u0430\u0432\u043d\u044b\u043c \u0441\u043f\u0435\u0446\u0438\u0430\u043b\u0438\u0441\u0442\u043e\u043c. \u0427\u043b\u0435\u043d \u043a\u043e\u043c\u0438\u0441\u0441\u0438\u0438 \u043f\u043e \u0437\u0430\u0449\u0438\u0442\u0430\u043c \u0434\u0438\u0441\u0441\u0435\u0440\u0442\u0430\u0446\u0438\u0439 \u0432<br>\u0410\u043a\u0430\u0434\u0435\u043c\u0438\u0438 \u043d\u0430\u0443\u043a. \u0427\u043b\u0435\u043d \u0441\u043e\u0432\u0435\u0442\u0430 \u0432 \u0412\u044b\u0441\u0448\u0435\u0439 \u0410\u0442\u0442\u0435\u0441\u0442\u0430\u0446\u0438\u043e\u043d\u043d\u043e\u0439 \u041a\u043e\u043c\u0438\u0441\u0441\u0438\u0438 \u043f\u043e \u0437\u0430\u0449\u0438\u0442\u0430\u043c \u0434\u0438\u0441\u0441\u0435\u0440\u0442\u0430\u0446\u0438\u0439 \u043f\u0440\u0438<br>\u041a\u0430\u0431\u0438\u043d\u0435\u0442\u0435 \u041c\u0438\u043d\u0438\u0441\u0442\u0440\u043e\u0432 \u0422\u0443\u0440\u043a\u043c\u0435\u043d\u0438\u0441\u0442\u0430\u043d\u0430.<br>\u041a\u043e\u043d\u0441\u0443\u043b\u044c\u0442\u0438\u0440\u0443\u0435\u0442 \u0434\u0438\u043f\u043b\u043e\u043c\u043d\u0438\u043a\u043e\u0432 \u0438 \u0430\u0441\u043f\u0438\u0440\u0430\u043d\u0442\u043e\u0432 \u0410\u043a\u0430\u0434\u0435\u043c\u0438\u0438 \u0425\u0443\u0434\u043e\u0436\u0435\u0441\u0442\u0432 \u0438 \u0410\u043a\u0430\u0434\u0435\u043c\u0438\u0438<br>\u043d\u0430\u0443\u043a. \u0427\u043b\u0435\u043d \u0421\u043e\u044e\u0437\u0430 \u0410\u0440\u0445\u0438\u0442\u0435\u043a\u0442\u043e\u0440\u043e\u0432. \u0421\u043e\u0441\u0442\u043e\u0438\u0442 \u0432 \u043c\u0435\u0436\u0434\u0443\u043d\u0430\u0440\u043e\u0434\u043d\u044b\u0445 \u043e\u0431\u0449\u0435\u0441\u0442\u0432\u0435\u043d\u043d\u044b\u0445<br>\u043e\u0440\u0433\u0430\u043d\u0438\u0437\u0430\u0446\u0438\u044f\u0445, \u0432\u043a\u043b\u044e\u0447\u0430\u044f \u0447\u043b\u0435\u043d\u0441\u0442\u0432\u043e \u0432 \u0436\u044e\u0440\u0438(\u0422\u042e\u0420\u041a\u0421\u041e\u0419-\u0422\u0443\u0440\u0446\u0438\u044f.\u0410\u0437\u0435\u0440\u0431\u0430\u0439\u0434\u0436\u0430\u043d).<br>\u0410\u0432\u0442\u043e\u0440 \u043e\u043a\u043e\u043b\u043e 100 \u043f\u0443\u0431\u043b\u0438\u043a\u0430\u0446\u0438\u0439 \u043d\u0430 \u0440\u043e\u0434\u0438\u043d\u0435 \u0438 \u0437\u0430 \u0440\u0443\u0431\u0435\u0436\u043e\u043c. \u041f\u0443\u0431\u043b\u0438\u043a\u0430\u0446\u0438\u0438 \u043e\u0431 \u0430\u0440\u0445\u0438\u0442\u0435\u043a\u0442\u0443\u0440\u0435, \u0433\u0434\u0435<br>\u0440\u0430\u0441\u0441\u043c\u0430\u0442\u0440\u0438\u0432\u0430\u044e\u0442\u0441\u044f \u0445\u0443\u0434\u043e\u0436\u0435\u0441\u0442\u0432\u0435\u043d\u043d\u044b\u0435 \u043f\u0440\u043e\u0431\u043b\u0435\u043c\u044b, \u0442\u0440\u0430\u0434\u0438\u0446\u0438\u0438 \u0438 \u043f\u0440\u0435\u0435\u043c\u0441\u0442\u0432\u0435\u043d\u043d\u043e\u0441\u0442\u044c, \u0430 \u0442\u0430\u043a\u0436\u0435 \u043e \u043a\u0443\u043b\u044c\u0442\u0443\u0440\u0435.<br>\u0423\u0447\u0430\u0441\u0442\u043d\u0438\u043a \u0445\u0443\u0434\u043e\u0436\u0435\u0441\u0442\u0432\u0435\u043d\u043d\u044b\u0445 \u0432\u044b\u0441\u0442\u0430\u0432\u043e\u043a<\/p>\n\n\n\n<p><\/p>\n\n\n\n<p><\/p>\n\n\n\n<p><\/p>\n\n\n\n<p><\/p>\n\n\n\n<h6 class=\"wp-block-heading has-text-align-right\"><a href=\"https:\/\/atamder.org\/index.php\/yurt-disi-temsilcilerimiz\/\">\u00d6NCEK\u0130 SAYFA<\/a><\/h6>\n","protected":false},"excerpt":{"rendered":"<p>Ad\u0131 Soyad\u0131 : Dr. Ogulceren Haciyevae-posta : oguljerenti@mail.ruCep: +99363 649358 \u00d6ZGE\u00c7M\u0130\u015eLisans. Turkmenistan Sanat Okulu (A\u015fkabat, T\u00fcrkmenistan ) 1968-1972.Mimarlik T\u00fcrkmen Politeknik Enstit\u00fcs\u00fc (A\u015fkabat, T\u00fcrkmenistan ) 1972-1977.Doktora. Mimarlik tarihi ve teorisi. Mimarl\u0131k&hellip;<\/p>\n","protected":false},"author":2,"featured_media":0,"parent":0,"menu_order":0,"comment_status":"closed","ping_status":"closed","template":"","meta":{"footnotes":""},"_links":{"self":[{"href":"https:\/\/atamder.org\/index.php\/wp-json\/wp\/v2\/pages\/3775"}],"collection":[{"href":"https:\/\/atamder.org\/index.php\/wp-json\/wp\/v2\/pages"}],"about":[{"href":"https:\/\/atamder.org\/index.php\/wp-json\/wp\/v2\/types\/page"}],"author":[{"embeddable":true,"href":"https:\/\/atamder.org\/index.php\/wp-json\/wp\/v2\/users\/2"}],"replies":[{"embeddable":true,"href":"https:\/\/atamder.org\/index.php\/wp-json\/wp\/v2\/comments?post=3775"}],"version-history":[{"count":5,"href":"https:\/\/atamder.org\/index.php\/wp-json\/wp\/v2\/pages\/3775\/revisions"}],"predecessor-version":[{"id":6019,"href":"https:\/\/atamder.org\/index.php\/wp-json\/wp\/v2\/pages\/3775\/revisions\/6019"}],"wp:attachment":[{"href":"https:\/\/atamder.org\/index.php\/wp-json\/wp\/v2\/media?parent=3775"}],"curies":[{"name":"wp","href":"https:\/\/api.w.org\/{rel}","templated":true}]}}