{"id":3773,"date":"2020-09-12T02:37:33","date_gmt":"2020-09-11T23:37:33","guid":{"rendered":"http:\/\/atamder.org\/?page_id=3773"},"modified":"2020-12-08T02:58:43","modified_gmt":"2020-12-07T23:58:43","slug":"mogolistan-atamder-temsilcisi","status":"publish","type":"page","link":"https:\/\/atamder.org\/index.php\/mogolistan-atamder-temsilcisi\/","title":{"rendered":"MO\u011eOL\u0130STAN ATAMDER TEMS\u0130LC\u0130S\u0130"},"content":{"rendered":"\n<p><\/p>\n\n\n\n<div class=\"wp-block-image\"><figure class=\"alignleft size-large is-resized\"><img loading=\"lazy\" decoding=\"async\" src=\"http:\/\/atamder.org\/wp-content\/uploads\/2020\/12\/BATBUYAN2-1024x723.jpg\" alt=\"\" class=\"wp-image-4413\" width=\"375\" height=\"265\" srcset=\"https:\/\/atamder.org\/wp-content\/uploads\/2020\/12\/BATBUYAN2-1024x723.jpg 1024w, https:\/\/atamder.org\/wp-content\/uploads\/2020\/12\/BATBUYAN2-300x212.jpg 300w, https:\/\/atamder.org\/wp-content\/uploads\/2020\/12\/BATBUYAN2-768x543.jpg 768w, https:\/\/atamder.org\/wp-content\/uploads\/2020\/12\/BATBUYAN2-220x154.jpg 220w, https:\/\/atamder.org\/wp-content\/uploads\/2020\/12\/BATBUYAN2-600x424.jpg 600w, https:\/\/atamder.org\/wp-content\/uploads\/2020\/12\/BATBUYAN2.jpg 1080w\" sizes=\"(max-width: 375px) 100vw, 375px\" \/><\/figure><\/div>\n\n\n\n<div class=\"wp-block-image\"><figure class=\"alignleft size-large is-resized\"><img decoding=\"async\" src=\"https:\/\/atamder.org\/wp-content\/uploads\/2020\/12\/BATBUYAN-768x1024.jpg\" alt=\"\" class=\"wp-image-4417\" width=\"-513\" height=\"-683\" srcset=\"https:\/\/atamder.org\/wp-content\/uploads\/2020\/12\/BATBUYAN-768x1024.jpg 768w, https:\/\/atamder.org\/wp-content\/uploads\/2020\/12\/BATBUYAN-225x300.jpg 225w, https:\/\/atamder.org\/wp-content\/uploads\/2020\/12\/BATBUYAN-1152x1536.jpg 1152w, https:\/\/atamder.org\/wp-content\/uploads\/2020\/12\/BATBUYAN-600x800.jpg 600w, https:\/\/atamder.org\/wp-content\/uploads\/2020\/12\/BATBUYAN.jpg 1536w\" sizes=\"(max-width: 768px) 100vw, 768px\" \/><\/figure><\/div>\n\n\n\n<p><\/p>\n\n\n\n<p><\/p>\n\n\n\n<p><\/p>\n\n\n\n<p><\/p>\n\n\n\n<p><\/p>\n\n\n\n<p><\/p>\n\n\n\n<p><\/p>\n\n\n\n<h4 class=\"wp-block-heading\"><strong>BATBUYAN SA\u0130NB\u0130LEG<\/strong><\/h4>\n\n\n\n<p><\/p>\n\n\n\n<p><\/p>\n\n\n\n<p><\/p>\n\n\n\n<h4 class=\"wp-block-heading\"><\/h4>\n\n\n\n<p><\/p>\n\n\n\n<p><\/p>\n\n\n\n<p><\/p>\n\n\n\n<p><\/p>\n\n\n\n<h6 class=\"has-text-align-right wp-block-heading\"><a href=\"https:\/\/atamder.org\/index.php\/yurt-disi-temsilcilerimiz\/\">\u00d6NCEK\u0130 SAYFA<\/a><\/h6>\n","protected":false},"excerpt":{"rendered":"<p>BATBUYAN SA\u0130NB\u0130LEG \u00d6NCEK\u0130 SAYFA<\/p>\n","protected":false},"author":2,"featured_media":0,"parent":0,"menu_order":0,"comment_status":"closed","ping_status":"closed","template":"","meta":{"footnotes":""},"_links":{"self":[{"href":"https:\/\/atamder.org\/index.php\/wp-json\/wp\/v2\/pages\/3773"}],"collection":[{"href":"https:\/\/atamder.org\/index.php\/wp-json\/wp\/v2\/pages"}],"about":[{"href":"https:\/\/atamder.org\/index.php\/wp-json\/wp\/v2\/types\/page"}],"author":[{"embeddable":true,"href":"https:\/\/atamder.org\/index.php\/wp-json\/wp\/v2\/users\/2"}],"replies":[{"embeddable":true,"href":"https:\/\/atamder.org\/index.php\/wp-json\/wp\/v2\/comments?post=3773"}],"version-history":[{"count":10,"href":"https:\/\/atamder.org\/index.php\/wp-json\/wp\/v2\/pages\/3773\/revisions"}],"predecessor-version":[{"id":4420,"href":"https:\/\/atamder.org\/index.php\/wp-json\/wp\/v2\/pages\/3773\/revisions\/4420"}],"wp:attachment":[{"href":"https:\/\/atamder.org\/index.php\/wp-json\/wp\/v2\/media?parent=3773"}],"curies":[{"name":"wp","href":"https:\/\/api.w.org\/{rel}","templated":true}]}}