{"id":3772,"date":"2020-09-12T02:37:33","date_gmt":"2020-09-11T23:37:33","guid":{"rendered":"http:\/\/atamder.org\/?page_id=3772"},"modified":"2020-09-30T02:29:32","modified_gmt":"2020-09-29T23:29:32","slug":"ozbekistan-atamder-temsilcisi","status":"publish","type":"page","link":"https:\/\/atamder.org\/index.php\/ozbekistan-atamder-temsilcisi\/","title":{"rendered":"\u00d6ZBEK\u0130STAN ATAMDER TEMS\u0130LC\u0130S\u0130"},"content":{"rendered":"\n<p><\/p>\n\n\n\n<p><\/p>\n\n\n\n<p><\/p>\n\n\n\n<p><\/p>\n\n\n\n<p><\/p>\n\n\n\n<h6 class=\"has-text-align-right wp-block-heading\"><a href=\"https:\/\/atamder.org\/index.php\/yurt-disi-temsilcilerimiz\/\">\u00d6NCEK\u0130 SAYFA<\/a><\/h6>\n","protected":false},"excerpt":{"rendered":"<p>\u00d6NCEK\u0130 SAYFA<\/p>\n","protected":false},"author":2,"featured_media":0,"parent":0,"menu_order":0,"comment_status":"closed","ping_status":"closed","template":"","meta":{"footnotes":""},"_links":{"self":[{"href":"https:\/\/atamder.org\/index.php\/wp-json\/wp\/v2\/pages\/3772"}],"collection":[{"href":"https:\/\/atamder.org\/index.php\/wp-json\/wp\/v2\/pages"}],"about":[{"href":"https:\/\/atamder.org\/index.php\/wp-json\/wp\/v2\/types\/page"}],"author":[{"embeddable":true,"href":"https:\/\/atamder.org\/index.php\/wp-json\/wp\/v2\/users\/2"}],"replies":[{"embeddable":true,"href":"https:\/\/atamder.org\/index.php\/wp-json\/wp\/v2\/comments?post=3772"}],"version-history":[{"count":4,"href":"https:\/\/atamder.org\/index.php\/wp-json\/wp\/v2\/pages\/3772\/revisions"}],"predecessor-version":[{"id":4275,"href":"https:\/\/atamder.org\/index.php\/wp-json\/wp\/v2\/pages\/3772\/revisions\/4275"}],"wp:attachment":[{"href":"https:\/\/atamder.org\/index.php\/wp-json\/wp\/v2\/media?parent=3772"}],"curies":[{"name":"wp","href":"https:\/\/api.w.org\/{rel}","templated":true}]}}