{"id":3767,"date":"2020-09-12T02:37:32","date_gmt":"2020-09-11T23:37:32","guid":{"rendered":"http:\/\/atamder.org\/?page_id=3767"},"modified":"2024-02-16T01:32:07","modified_gmt":"2024-02-15T22:32:07","slug":"kazakistan-atamder-temsilcisi","status":"publish","type":"page","link":"https:\/\/atamder.org\/index.php\/kazakistan-atamder-temsilcisi\/","title":{"rendered":"KAZAK\u0130STAN ATAMDER TEMS\u0130LC\u0130S\u0130"},"content":{"rendered":"\n<figure class=\"wp-block-image size-full is-resized\"><img loading=\"lazy\" decoding=\"async\" width=\"478\" height=\"292\" src=\"https:\/\/atamder.org\/wp-content\/uploads\/2024\/02\/Meruyert-Kurmangaliyeva.jpeg\" alt=\"\" class=\"wp-image-6020\" style=\"width:378px;height:auto\" srcset=\"https:\/\/atamder.org\/wp-content\/uploads\/2024\/02\/Meruyert-Kurmangaliyeva.jpeg 478w, https:\/\/atamder.org\/wp-content\/uploads\/2024\/02\/Meruyert-Kurmangaliyeva-300x183.jpeg 300w, https:\/\/atamder.org\/wp-content\/uploads\/2024\/02\/Meruyert-Kurmangaliyeva-140x86.jpeg 140w\" sizes=\"(max-width: 478px) 100vw, 478px\" \/><\/figure>\n\n\n\n<h2 class=\"wp-block-heading\"><strong>Meruyert Kurmangaliyeva<\/strong><\/h2>\n\n\n\n<p>kurmangaliyevameruert68@gmail.com<br>+7 701 870 2387<\/p>\n\n\n\n<p><\/p>\n\n\n\n<p><br><strong>Education<\/strong><br>Kazakh National Conservatory named after Kurmangazy<br><strong>Place of work<\/strong><br>Kazakh National university of Arts (Nur-Sultan)<br>PhD \u2013 Kandidat of art, Ass.professor<br>UNESKO expert at the National Committee of the Republic of Kazakhstan NCH<br><strong>Training courses<\/strong><\/p>\n\n\n\n<ul>\n<li>Association of Higher Education Institutions of the Republic of Kazakhstan, International<br>Educational Corporation Kazakh-American University, Almaty, Kazazkhstan, 2013<\/li>\n\n\n\n<li>Course on &#8220;Musical drama of cinema&#8221; at International Forum &#8220;Astana art-science&#8221; 2018<\/li>\n\n\n\n<li>Course on &#8220;Marginal forms of modern Turkic culture&#8221; at Turkic Academy, Ministry of<br>Education and Science of the Republic of Kazakhstan 2012<br><strong>Fellowships and Honors<\/strong><\/li>\n\n\n\n<li>Language course, Warwick University, United Kingdom 2014<\/li>\n\n\n\n<li>Internship in Switzerland (Montreux), International program &#8220;Bolashak&#8221; 2014<br>Teaching\/supervising experience<\/li>\n\n\n\n<li>Conducted a master class on \u2018Garifolla Kurmangaliev and his creative path: from tradition<br>to modernity\u2019<\/li>\n\n\n\n<li>Organizer of a master class with the Head of the Commercial Representation of the BBC<br>World News Channel S. Stanovkin on the topic: &#8221; National branding is science or art, 2016<\/li>\n\n\n\n<li>Hosted as an organizer of the 5th international conference on the theme of &#8220;Tengrianism<br>and the epic heritage of the peoples of Eurasia&#8221;<\/li>\n\n\n\n<li>Hosted as an organizer of the annual international scientific and practical conference on<br>ancient Turkic Runic writing (3 conferences were held)<br><strong>Publications<\/strong><\/li>\n\n\n\n<li>M. Kurmangaliyeva The image of &#8220;kerbez&#8221; in the Tengrian worldview and musical<br>embodiment of Kazakhs. Materials of the Vl1st international practical conference<br>&#8220;Tengrianism and the epic heritage of the peoples of Eurasia: origins and modernity.&#8221; &#8211;<br>Bishkek, 2018 &#8211; p. 157-163<\/li>\n\n\n\n<li>M. Kurmangaliyeva. Tengrianism in the creativity of the bearers of Kazakh musical art.<br>Aiyy Tangrar and the blacksmith cult in Tengrianism<\/li>\n\n\n\n<li>M. Kurmangaliyeva. Troubadours of the Steppe 42-hd International Council for<br>Traditional Music (ICTM)World Conference (Shanghai 2013)<\/li>\n\n\n\n<li>M. Kurmangaliyeva. The evolution of the basic constants of the Tengrian worldview in the<br>art of sal-sere \/\/ Materials of the Vl-th international practical conference &#8220;Tengrianism and<br>the epic heritage of the peoples of Eurasia: origins and modernity.&#8221; &#8211; Astana, 2017 .. &#8211;<br>P.230-237<\/li>\n\n\n\n<li>M. Kurmangaliyeva. The Sound and music in the ethnosystem of Kazakh traditional<br>Society\/\/43rd World conference ICTM16-22 july 2015<\/li>\n\n\n\n<li>Meruert S. Kurmangalieva, Olzhas M. Baibekov. Intonational nature of Kazakh<br>instrumental folk music in samples. (Scopus: DOI: http:\/\/dx.doi.org\/10.33779\/2782<br>3598.2022.1.109-122) &#8211; Music Scholarship \u2116 1 (2022)<\/li>\n\n\n\n<li>Meruert S. Kurmangalieva, Olzhas M. Baibekov. Sampling as a process of integration<br>of new technologies into the musical culture of Kazakhstan. (Scopus: DOI: http:\/\/dx.doi.org\/10.33779\/2587-6341.2020.3.065-076) &#8211; Music Scholarship\u21163 (2020)<br>and et.c.<br><strong>Conference participation and presentations<\/strong><\/li>\n\n\n\n<li>Hosted \u2018the Day of Turkic Writing\u2019 in Nursultan, Kazakhstan<\/li>\n\n\n\n<li>TV interview to the local TV channel &#8220;Khabar&#8221; in Kazakhstan \u2013 for the program on<br>&#8220;Secrets. Destiny. Names. Kanabek Baiseitov &#8211; on the altar of art.&#8221;<\/li>\n\n\n\n<li>Invited expert-speaker in the television program &#8220;Treasures of the Nation&#8221;, broadcast on<br>TC &#8220;Khabar&#8221; in April 2018.<\/li>\n\n\n\n<li>Participant of the action dedicated to the collection of rare exhibits for the National<br>Museum of the Republic of Kazakhstan<br><strong>Awards<\/strong><\/li>\n\n\n\n<li>The best teacher at the university Award 2018<\/li>\n\n\n\n<li>Bolashak Scholarship Award 2014<\/li>\n\n\n\n<li>&#8220;Bolashak&#8221; Internship Award 2014<\/li>\n\n\n\n<li>Holder of the Medal named after G. Kurmangaliev 2009<\/li>\n\n\n\n<li>Award dedicated to the 20th anniversary of KazNUI 2018<\/li>\n\n\n\n<li>Certificate of accreditation as a subject of scientific and scientific and technical activities<br>2020<br><strong>Professional associations and membership<\/strong><\/li>\n\n\n\n<li>Chairman of the public association &#8220;Ulu budun&#8221;<\/li>\n\n\n\n<li>Chairman of the charitable public fund for supporting the traditional culture of Kazakhstan<\/li>\n\n\n\n<li>Member of the Union of Composers of the Republic of Kazakhstan<\/li>\n\n\n\n<li>Member of the International Kazakh Creative Association Planet of Peace 2019<\/li>\n\n\n\n<li>Former member of the state commission for accreditation of higher educational institutions<br>2015-2018<\/li>\n\n\n\n<li>Member of the Council for the defense of master&#8217;s theses of KazNU of arts<\/li>\n\n\n\n<li>Member of the organizing committee of the 43rd World Conference of the International<br>Council of Traditional Music (Certificate, Astana, 2015)<\/li>\n\n\n\n<li>Member of the organizing committee of the Republican competition named after Garifolla<br>Kurmangaliyev, timed to the 110th anniversary of the singer (Atyrau, 2019)<\/li>\n\n\n\n<li>Member of the editorial board for Kazakhstan of the international project: \u201cGlossary. A<br>Brief Terminological Dictionary of Tengri Studies &#8220;<br>Other qualifications<\/li>\n\n\n\n<li>Publishing advertiser with 6 years of experience<br>Employment<br>Assistant Professor, Kazakh National University of Art, Nur-Sultan, Kazakhstan (2011<br>present)<\/li>\n\n\n\n<li>At the University I give lectures on such subjects as: musical history of the Turkic<br>countries, foreign musical culture, history of Kazakh music, solfeggio, methodology,<br>music criticism.<\/li>\n\n\n\n<li>I am the head of undergraduates and doctoral students.<br>Chairman of the public association &#8220;Ulu Budun&#8221;, Nur-Sultan, Kazakhstan (2019-present)<\/li>\n\n\n\n<li>research in the field of culture, tradition, history<br>Language Skills<\/li>\n\n\n\n<li>Kazakh (Native); English (Upper-intermediate); Russian (Advance)<br>IT skills<\/li>\n\n\n\n<li>Basic Proficiency in MS Office (Word, PowerPoint, Excel);<\/li>\n\n\n\n<li>Music programs (Finale, Sibelius),<\/li>\n\n\n\n<li>program for issue (Adobe in Design)<\/li>\n<\/ul>\n\n\n\n<p><\/p>\n\n\n\n<p><\/p>\n\n\n\n<h6 class=\"wp-block-heading has-text-align-right\"><a href=\"https:\/\/atamder.org\/index.php\/yurt-disi-bolge-temsilciliklerimiz\/\"><\/a><a href=\"https:\/\/atamder.org\/index.php\/yurt-disi-temsilcilerimiz\/\"><\/a><a href=\"https:\/\/atamder.org\/index.php\/yurt-disi-temsilcilerimiz\/\">\u00d6NCEK\u0130 SAYFA<\/a><\/h6>\n","protected":false},"excerpt":{"rendered":"<p>Meruyert Kurmangaliyeva kurmangaliyevameruert68@gmail.com+7 701 870 2387 EducationKazakh National Conservatory named after KurmangazyPlace of workKazakh National university of Arts (Nur-Sultan)PhD \u2013 Kandidat of art, Ass.professorUNESKO expert at the National Committee of&hellip;<\/p>\n","protected":false},"author":2,"featured_media":0,"parent":0,"menu_order":0,"comment_status":"closed","ping_status":"closed","template":"","meta":{"footnotes":""},"_links":{"self":[{"href":"https:\/\/atamder.org\/index.php\/wp-json\/wp\/v2\/pages\/3767"}],"collection":[{"href":"https:\/\/atamder.org\/index.php\/wp-json\/wp\/v2\/pages"}],"about":[{"href":"https:\/\/atamder.org\/index.php\/wp-json\/wp\/v2\/types\/page"}],"author":[{"embeddable":true,"href":"https:\/\/atamder.org\/index.php\/wp-json\/wp\/v2\/users\/2"}],"replies":[{"embeddable":true,"href":"https:\/\/atamder.org\/index.php\/wp-json\/wp\/v2\/comments?post=3767"}],"version-history":[{"count":8,"href":"https:\/\/atamder.org\/index.php\/wp-json\/wp\/v2\/pages\/3767\/revisions"}],"predecessor-version":[{"id":6023,"href":"https:\/\/atamder.org\/index.php\/wp-json\/wp\/v2\/pages\/3767\/revisions\/6023"}],"wp:attachment":[{"href":"https:\/\/atamder.org\/index.php\/wp-json\/wp\/v2\/media?parent=3767"}],"curies":[{"name":"wp","href":"https:\/\/api.w.org\/{rel}","templated":true}]}}