{"id":3217,"date":"2020-09-09T02:40:10","date_gmt":"2020-09-08T23:40:10","guid":{"rendered":"http:\/\/atamder.org\/?page_id=3217"},"modified":"2021-09-11T00:52:08","modified_gmt":"2021-09-10T21:52:08","slug":"gaziantep-il-temsilcisi","status":"publish","type":"page","link":"https:\/\/atamder.org\/index.php\/gaziantep-il-temsilcisi\/","title":{"rendered":"GAZ\u0130ANTEP \u0130L TEMS\u0130LC\u0130S\u0130"},"content":{"rendered":"\n<p><\/p>\n\n\n\n<p><\/p>\n\n\n\n<p><\/p>\n\n\n\n<p><\/p>\n\n\n\n<p><\/p>\n\n\n\n<h6 class=\"has-text-align-right wp-block-heading\"><a href=\"https:\/\/atamder.org\/index.php\/dogu-anadolu-bolge-temsilci-baskanligi\/\">\u00d6NCEK\u0130 SAYFA<\/a><\/h6>\n","protected":false},"excerpt":{"rendered":"<p>\u00d6NCEK\u0130 SAYFA<\/p>\n","protected":false},"author":2,"featured_media":0,"parent":0,"menu_order":0,"comment_status":"closed","ping_status":"closed","template":"","meta":{"footnotes":""},"_links":{"self":[{"href":"https:\/\/atamder.org\/index.php\/wp-json\/wp\/v2\/pages\/3217"}],"collection":[{"href":"https:\/\/atamder.org\/index.php\/wp-json\/wp\/v2\/pages"}],"about":[{"href":"https:\/\/atamder.org\/index.php\/wp-json\/wp\/v2\/types\/page"}],"author":[{"embeddable":true,"href":"https:\/\/atamder.org\/index.php\/wp-json\/wp\/v2\/users\/2"}],"replies":[{"embeddable":true,"href":"https:\/\/atamder.org\/index.php\/wp-json\/wp\/v2\/comments?post=3217"}],"version-history":[{"count":3,"href":"https:\/\/atamder.org\/index.php\/wp-json\/wp\/v2\/pages\/3217\/revisions"}],"predecessor-version":[{"id":5194,"href":"https:\/\/atamder.org\/index.php\/wp-json\/wp\/v2\/pages\/3217\/revisions\/5194"}],"wp:attachment":[{"href":"https:\/\/atamder.org\/index.php\/wp-json\/wp\/v2\/media?parent=3217"}],"curies":[{"name":"wp","href":"https:\/\/api.w.org\/{rel}","templated":true}]}}