{"id":3126,"date":"2020-09-08T23:46:14","date_gmt":"2020-09-08T20:46:14","guid":{"rendered":"http:\/\/atamder.org\/?page_id=3126"},"modified":"2020-09-30T02:04:32","modified_gmt":"2020-09-29T23:04:32","slug":"guney-dogu-anadolu-bolge-temsilci-baskanligi","status":"publish","type":"page","link":"https:\/\/atamder.org\/index.php\/guney-dogu-anadolu-bolge-temsilci-baskanligi\/","title":{"rendered":"G\u00dcNEY-DO\u011eU ANADOLU B\u00d6LGE TEMS\u0130LC\u0130 BA\u015eKANLI\u011eI"},"content":{"rendered":"\n<p><\/p>\n\n\n\n<p><\/p>\n\n\n\n<p><\/p>\n\n\n\n<h6 class=\"wp-block-heading\"><a href=\"http:\/\/atamder.org\/index.php\/batman-il-temsilcisi\/\">BATMAN \u0130L TEMS\u0130LC\u0130L\u0130\u011e\u0130<\/a><\/h6>\n\n\n\n<h6 class=\"wp-block-heading\"><a href=\"http:\/\/atamder.org\/index.php\/gaziantep-il-temsilcisi\/\">GAZ\u0130ANTEP \u0130L TEMS\u0130LC\u0130L\u0130\u011e\u0130<\/a><\/h6>\n\n\n\n<h6 class=\"wp-block-heading\"><a href=\"http:\/\/atamder.org\/index.php\/mardin-il-temsilcisi\/\">MARD\u0130N \u0130L TEMS\u0130LC\u0130L\u0130\u011e\u0130<\/a><\/h6>\n\n\n\n<div class=\"wp-block-siteorigin-panels-layout-block\"><div id=\"pl-3126\"  class=\"panel-layout\" ><div id=\"pg-3126-0\"  class=\"panel-grid panel-no-style\" ><div id=\"pgc-3126-0-0\"  class=\"panel-grid-cell\" ><div id=\"panel-3126-0-0-0\" class=\"so-panel widget widget_media_image panel-first-child\" data-index=\"0\" ><h3 class=\"widget-title\">G\u00dcNEY-DO\u011eU ANADOLU B\u00d6LGE TEMS\u0130LC\u0130L\u0130\u011e\u0130 BA\u015eKANI<\/h3><img decoding=\"async\" width=\"300\" height=\"300\" src=\"http:\/\/atamder.org\/wp-content\/uploads\/2020\/09\/BAHATTIN-DURMAZ-300x300.jpg\" class=\"image wp-image-1894  attachment-medium size-medium\" alt=\"\" loading=\"lazy\" style=\"max-width: 100%; height: auto;\" srcset=\"http:\/\/atamder.org\/wp-content\/uploads\/2020\/09\/BAHATTIN-DURMAZ-300x300.jpg 300w, http:\/\/atamder.org\/wp-content\/uploads\/2020\/09\/BAHATTIN-DURMAZ-150x150.jpg 150w, http:\/\/atamder.org\/wp-content\/uploads\/2020\/09\/BAHATTIN-DURMAZ-500x500.jpg 500w, http:\/\/atamder.org\/wp-content\/uploads\/2020\/09\/BAHATTIN-DURMAZ-480x480.jpg 480w, http:\/\/atamder.org\/wp-content\/uploads\/2020\/09\/BAHATTIN-DURMAZ-600x600.jpg 600w, http:\/\/atamder.org\/wp-content\/uploads\/2020\/09\/BAHATTIN-DURMAZ-100x100.jpg 100w, http:\/\/atamder.org\/wp-content\/uploads\/2020\/09\/BAHATTIN-DURMAZ.jpg 720w\" sizes=\"(max-width: 300px) 100vw, 300px\" \/><\/div><div id=\"panel-3126-0-0-1\" class=\"so-panel widget widget_text panel-last-child\" data-index=\"1\" ><h3 class=\"widget-title\">BAHATT\u0130N DURMAZ<\/h3>\t\t\t<div class=\"textwidget\"><\/div>\n\t\t<\/div><\/div><\/div><\/div><\/div>\n\n\n\n<p><\/p>\n\n\n\n<p><\/p>\n\n\n\n<p><\/p>\n\n\n\n<p><\/p>\n\n\n\n<h6 class=\"has-text-align-right wp-block-heading\"><a href=\"https:\/\/atamder.org\/index.php\/yurt-ici-bolge-temsilciliklerimiz\/\">\u00d6NCEK\u0130 SAYFA<\/a><\/h6>\n","protected":false},"excerpt":{"rendered":"<p>BATMAN \u0130L TEMS\u0130LC\u0130L\u0130\u011e\u0130 GAZ\u0130ANTEP \u0130L TEMS\u0130LC\u0130L\u0130\u011e\u0130 MARD\u0130N \u0130L TEMS\u0130LC\u0130L\u0130\u011e\u0130 \u00d6NCEK\u0130 SAYFA<\/p>\n","protected":false},"author":2,"featured_media":0,"parent":0,"menu_order":0,"comment_status":"closed","ping_status":"closed","template":"","meta":{"footnotes":""},"_links":{"self":[{"href":"https:\/\/atamder.org\/index.php\/wp-json\/wp\/v2\/pages\/3126"}],"collection":[{"href":"https:\/\/atamder.org\/index.php\/wp-json\/wp\/v2\/pages"}],"about":[{"href":"https:\/\/atamder.org\/index.php\/wp-json\/wp\/v2\/types\/page"}],"author":[{"embeddable":true,"href":"https:\/\/atamder.org\/index.php\/wp-json\/wp\/v2\/users\/2"}],"replies":[{"embeddable":true,"href":"https:\/\/atamder.org\/index.php\/wp-json\/wp\/v2\/comments?post=3126"}],"version-history":[{"count":7,"href":"https:\/\/atamder.org\/index.php\/wp-json\/wp\/v2\/pages\/3126\/revisions"}],"predecessor-version":[{"id":4252,"href":"https:\/\/atamder.org\/index.php\/wp-json\/wp\/v2\/pages\/3126\/revisions\/4252"}],"wp:attachment":[{"href":"https:\/\/atamder.org\/index.php\/wp-json\/wp\/v2\/media?parent=3126"}],"curies":[{"name":"wp","href":"https:\/\/api.w.org\/{rel}","templated":true}]}}