{"id":3103,"date":"2020-09-08T23:19:19","date_gmt":"2020-09-08T20:19:19","guid":{"rendered":"http:\/\/atamder.org\/?page_id=3103"},"modified":"2023-09-04T01:14:27","modified_gmt":"2023-09-03T22:14:27","slug":"akdeniz-bolge-temsilci-baskanligi","status":"publish","type":"page","link":"https:\/\/atamder.org\/index.php\/akdeniz-bolge-temsilci-baskanligi\/","title":{"rendered":"AKDEN\u0130Z B\u00d6LGE TEMS\u0130LC\u0130 BA\u015eKANLI\u011eI"},"content":{"rendered":"\n<p><\/p>\n\n\n\n<p><\/p>\n\n\n\n<p><\/p>\n\n\n\n<p><\/p>\n\n\n\n<div class=\"wp-block-siteorigin-panels-layout-block\"><div id=\"pl-3103\"  class=\"panel-layout\" ><div id=\"pg-3103-0\"  class=\"panel-grid panel-no-style\" ><div id=\"pgc-3103-0-0\"  class=\"panel-grid-cell\" ><div id=\"panel-3103-0-0-0\" class=\"so-panel widget widget_media_image panel-first-child\" data-index=\"0\" ><h3 class=\"widget-title\">AKDEN\u0130Z B\u00d6LGE BA\u015eKANI<\/h3><img decoding=\"async\" width=\"150\" height=\"150\" src=\"https:\/\/atamder.org\/wp-content\/uploads\/2021\/01\/MERAL-BOLUKBASI-COSKUN-300X300-150x150.jpg\" class=\"image wp-image-4811  attachment-thumbnail size-thumbnail\" alt=\"\" loading=\"lazy\" style=\"max-width: 100%; height: auto;\" title=\"AKDEN\u0130Z B\u00d6LGE BA\u015eKANI\" srcset=\"https:\/\/atamder.org\/wp-content\/uploads\/2021\/01\/MERAL-BOLUKBASI-COSKUN-300X300-150x150.jpg 150w, https:\/\/atamder.org\/wp-content\/uploads\/2021\/01\/MERAL-BOLUKBASI-COSKUN-300X300-140x140.jpg 140w, https:\/\/atamder.org\/wp-content\/uploads\/2021\/01\/MERAL-BOLUKBASI-COSKUN-300X300-100x100.jpg 100w, https:\/\/atamder.org\/wp-content\/uploads\/2021\/01\/MERAL-BOLUKBASI-COSKUN-300X300.jpg 300w\" sizes=\"(max-width: 150px) 100vw, 150px\" \/><\/div><div id=\"panel-3103-0-0-1\" class=\"so-panel widget widget_text panel-last-child\" data-index=\"1\" ><h3 class=\"widget-title\">MERAL B\u00d6L\u00dcKBA\u015eI CO\u015eKUN<\/h3>\t\t\t<div class=\"textwidget\"><\/div>\n\t\t<\/div><\/div><\/div><\/div><\/div>\n\n\n\n<p><\/p>\n\n\n\n<p><\/p>\n\n\n\n<p><\/p>\n\n\n\n<h6 class=\"has-text-align-right wp-block-heading\"><a href=\"https:\/\/atamder.org\/index.php\/yurt-ici-bolge-temsilciliklerimiz\/\">\u00d6NCEK\u0130 SAYFA<\/a><\/h6>\n","protected":false},"excerpt":{"rendered":"<p>\u00d6NCEK\u0130 SAYFA<\/p>\n","protected":false},"author":2,"featured_media":0,"parent":0,"menu_order":0,"comment_status":"closed","ping_status":"closed","template":"","meta":{"footnotes":""},"_links":{"self":[{"href":"https:\/\/atamder.org\/index.php\/wp-json\/wp\/v2\/pages\/3103"}],"collection":[{"href":"https:\/\/atamder.org\/index.php\/wp-json\/wp\/v2\/pages"}],"about":[{"href":"https:\/\/atamder.org\/index.php\/wp-json\/wp\/v2\/types\/page"}],"author":[{"embeddable":true,"href":"https:\/\/atamder.org\/index.php\/wp-json\/wp\/v2\/users\/2"}],"replies":[{"embeddable":true,"href":"https:\/\/atamder.org\/index.php\/wp-json\/wp\/v2\/comments?post=3103"}],"version-history":[{"count":11,"href":"https:\/\/atamder.org\/index.php\/wp-json\/wp\/v2\/pages\/3103\/revisions"}],"predecessor-version":[{"id":5781,"href":"https:\/\/atamder.org\/index.php\/wp-json\/wp\/v2\/pages\/3103\/revisions\/5781"}],"wp:attachment":[{"href":"https:\/\/atamder.org\/index.php\/wp-json\/wp\/v2\/media?parent=3103"}],"curies":[{"name":"wp","href":"https:\/\/api.w.org\/{rel}","templated":true}]}}