{"id":2933,"date":"2020-09-08T04:47:43","date_gmt":"2020-09-08T01:47:43","guid":{"rendered":"http:\/\/atamder.org\/?page_id=2933"},"modified":"2020-09-30T01:48:31","modified_gmt":"2020-09-29T22:48:31","slug":"basinda-atamder","status":"publish","type":"page","link":"https:\/\/atamder.org\/index.php\/basinda-atamder\/","title":{"rendered":"BASINDA ATAMDER"},"content":{"rendered":"\n<p><\/p>\n\n\n\n<p><\/p>\n\n\n\n<p><\/p>\n\n\n\n<h6 class=\"wp-block-heading\"><a href=\"http:\/\/atamder.org\/index.php\/gazete-dergi\/\">GAZETE \/ DERG\u0130<\/a><\/h6>\n\n\n\n<h6 class=\"wp-block-heading\"><a href=\"http:\/\/atamder.org\/index.php\/internet\/\">\u0130NTERNET<\/a><\/h6>\n\n\n\n<h6 class=\"wp-block-heading\"><a href=\"http:\/\/atamder.org\/index.php\/tv\/\">TV<\/a><\/h6>\n\n\n\n<p><\/p>\n\n\n\n<p><\/p>\n\n\n\n<h6 class=\"has-text-align-right wp-block-heading\"><a href=\"https:\/\/atamder.org\/index.php\/tanitim-medya-2\/\">\u00d6NCEK\u0130 SAYFA<\/a><\/h6>\n","protected":false},"excerpt":{"rendered":"<p>GAZETE \/ DERG\u0130 \u0130NTERNET TV \u00d6NCEK\u0130 SAYFA<\/p>\n","protected":false},"author":2,"featured_media":0,"parent":0,"menu_order":0,"comment_status":"closed","ping_status":"closed","template":"","meta":{"footnotes":""},"_links":{"self":[{"href":"https:\/\/atamder.org\/index.php\/wp-json\/wp\/v2\/pages\/2933"}],"collection":[{"href":"https:\/\/atamder.org\/index.php\/wp-json\/wp\/v2\/pages"}],"about":[{"href":"https:\/\/atamder.org\/index.php\/wp-json\/wp\/v2\/types\/page"}],"author":[{"embeddable":true,"href":"https:\/\/atamder.org\/index.php\/wp-json\/wp\/v2\/users\/2"}],"replies":[{"embeddable":true,"href":"https:\/\/atamder.org\/index.php\/wp-json\/wp\/v2\/comments?post=2933"}],"version-history":[{"count":4,"href":"https:\/\/atamder.org\/index.php\/wp-json\/wp\/v2\/pages\/2933\/revisions"}],"predecessor-version":[{"id":4234,"href":"https:\/\/atamder.org\/index.php\/wp-json\/wp\/v2\/pages\/2933\/revisions\/4234"}],"wp:attachment":[{"href":"https:\/\/atamder.org\/index.php\/wp-json\/wp\/v2\/media?parent=2933"}],"curies":[{"name":"wp","href":"https:\/\/api.w.org\/{rel}","templated":true}]}}