{"id":2932,"date":"2020-09-08T04:47:43","date_gmt":"2020-09-08T01:47:43","guid":{"rendered":"http:\/\/atamder.org\/?page_id=2932"},"modified":"2023-01-13T00:31:16","modified_gmt":"2023-01-12T21:31:16","slug":"atamderden-haberler","status":"publish","type":"page","link":"https:\/\/atamder.org\/index.php\/atamderden-haberler\/","title":{"rendered":"ATAMDER&#8217;DEN HABERLER"},"content":{"rendered":"\n<h3 class=\"wp-block-heading\"><a href=\"https:\/\/ihavideo.com.tr\/Video\/Detay\/1581065-turk-kulturu-farkindalik-projesi-turkdes-ankarada-tanitildi\" data-type=\"URL\" data-id=\"https:\/\/ihavideo.com.tr\/Video\/Detay\/1581065-turk-kulturu-farkindalik-projesi-turkdes-ankarada-tanitildi\" target=\"_blank\" rel=\"noreferrer noopener\">T\u00dcRK DEVLETLER\u0130NDE ETNOPEDOGOJ\u0130K E\u011e\u0130T\u0130M S\u0130STEM\u0130 &#8221; T\u00dcRKDES &#8221; PROJES\u0130N\u0130N LANSMAN TOPLANTISI ANKARA TOBB \u0130K\u0130Z KULELERDE YAPILDI.<\/a><\/h3>\n\n\n\n<figure class=\"wp-block-video\"><video controls src=\"https:\/\/atamder.org\/wp-content\/uploads\/2023\/01\/Klipwp.mp4\"><\/video><\/figure>\n\n\n\n<p><\/p>\n\n\n\n<p><\/p>\n\n\n\n<p><\/p>\n\n\n\n<p><\/p>\n\n\n\n<h6 class=\"has-text-align-right wp-block-heading\"><a href=\"https:\/\/atamder.org\/index.php\/tanitim-medya-2\/\">\u00d6NCEK\u0130 SAYFA<\/a><\/h6>\n","protected":false},"excerpt":{"rendered":"<p>T\u00dcRK DEVLETLER\u0130NDE ETNOPEDOGOJ\u0130K E\u011e\u0130T\u0130M S\u0130STEM\u0130 &#8221; T\u00dcRKDES &#8221; PROJES\u0130N\u0130N LANSMAN TOPLANTISI ANKARA TOBB \u0130K\u0130Z KULELERDE YAPILDI. \u00d6NCEK\u0130 SAYFA<\/p>\n","protected":false},"author":2,"featured_media":0,"parent":0,"menu_order":0,"comment_status":"closed","ping_status":"closed","template":"","meta":{"footnotes":""},"_links":{"self":[{"href":"https:\/\/atamder.org\/index.php\/wp-json\/wp\/v2\/pages\/2932"}],"collection":[{"href":"https:\/\/atamder.org\/index.php\/wp-json\/wp\/v2\/pages"}],"about":[{"href":"https:\/\/atamder.org\/index.php\/wp-json\/wp\/v2\/types\/page"}],"author":[{"embeddable":true,"href":"https:\/\/atamder.org\/index.php\/wp-json\/wp\/v2\/users\/2"}],"replies":[{"embeddable":true,"href":"https:\/\/atamder.org\/index.php\/wp-json\/wp\/v2\/comments?post=2932"}],"version-history":[{"count":5,"href":"https:\/\/atamder.org\/index.php\/wp-json\/wp\/v2\/pages\/2932\/revisions"}],"predecessor-version":[{"id":5372,"href":"https:\/\/atamder.org\/index.php\/wp-json\/wp\/v2\/pages\/2932\/revisions\/5372"}],"wp:attachment":[{"href":"https:\/\/atamder.org\/index.php\/wp-json\/wp\/v2\/media?parent=2932"}],"curies":[{"name":"wp","href":"https:\/\/api.w.org\/{rel}","templated":true}]}}