{"id":2920,"date":"2020-09-08T04:39:09","date_gmt":"2020-09-08T01:39:09","guid":{"rendered":"http:\/\/atamder.org\/?page_id=2920"},"modified":"2021-01-28T23:36:36","modified_gmt":"2021-01-28T20:36:36","slug":"turkmenistan-hakkinda","status":"publish","type":"page","link":"https:\/\/atamder.org\/index.php\/turkmenistan-hakkinda\/","title":{"rendered":"T\u00dcRKMEN\u0130STAN HAKKINDA"},"content":{"rendered":"\n<figure class=\"wp-block-embed-youtube wp-block-embed is-type-video is-provider-youtube wp-embed-aspect-16-9 wp-has-aspect-ratio\"><div class=\"wp-block-embed__wrapper\">\n<iframe loading=\"lazy\" title=\"T\u00dcRKMEN\u0130STAN&#039;\u0131n Bilinmeyen Y\u00fcz\u00fc: D\u00fcnyan\u0131n En Acayip \u00dclkesi\" width=\"560\" height=\"315\" src=\"https:\/\/www.youtube.com\/embed\/N7Xe3XZPdNs?feature=oembed\" frameborder=\"0\" allow=\"accelerometer; autoplay; clipboard-write; encrypted-media; gyroscope; picture-in-picture\" allowfullscreen><\/iframe>\n<\/div><\/figure>\n\n\n\n<p><\/p>\n\n\n\n<p><strong>T\u00fcrkmenistan Nerededir?\u00a0<\/strong><\/p>\n\n\n\n<p>&nbsp;Orta Asya&#8217;n\u0131n g\u00fcneybat\u0131s\u0131nda bulunan T\u00fcrkmenistan&#8217;\u0131n d\u00f6rt \u00fclke ile kara s\u0131n\u0131r\u0131 bulunur. G\u00fcneyinde \u0130ran ve Afganistan ve kuzeyinde \u00d6zbekistan ve Kazakistan yer al\u0131r. En uzun akarsular\u0131 Murgap ve Tejen nehirleridir. \u00dclkede yer alan Karakum \u00c7\u00f6l\u00fc, Subtropikal ve \u00e7\u00f6l ikliminin g\u00f6r\u00fclmesinde etkilidir. Yazlar\u0131 kurak ve s\u0131cak olan \u00fclkede k\u0131\u015f mevsiminde hava s\u0131cakl\u0131\u011f\u0131 -20 dereceye kadar d\u00fc\u015fer.&nbsp;<\/p>\n\n\n\n<p>&nbsp;<strong>T\u00fcrkmenistan N\u00fcfusu Ne Kadar? (2020)&nbsp;<\/strong><\/p>\n\n\n\n<p>&nbsp;T\u00fcrkmenistan&#8217;\u0131n n\u00fcfusu 6 milyonun \u00fcst\u00fcndedir. Son a\u00e7\u0131klanan ve resmi olmayan verilere g\u00f6re toplam n\u00fcfus 6.031.200&#8217;d\u00fcr. \u00dclke n\u00fcfusunun %85&#8217;ine yak\u0131n\u0131n\u0131 T\u00fcrkmenler olu\u015fturur. Etnik n\u00fcfus da\u011f\u0131l\u0131m\u0131nda \u00d6zbekler, Ruslar, T\u00fcrkler ve Kazaklar yer al\u0131r. N\u00fcfusun %50&#8217;den fazlas\u0131 \u015fehirlerde ya\u015famaktad\u0131r. T\u00fcrkmenistan&#8217;da ortalama ya\u015fam s\u00fcresi erkeklerde 64 iken kad\u0131nlarda 71&#8217;dir.&nbsp;<\/p>\n\n\n\n<p>&nbsp;<strong>T\u00fcrkmenistan&#8217;\u0131n Ba\u015fkenti Neresidir?&nbsp;<\/strong><\/p>\n\n\n\n<p>&nbsp;T\u00fcrkmenistan&#8217;\u0131n ba\u015fkenti A\u015fkabat&#8217;t\u0131r. 440 kilometre karelik y\u00fcz \u00f6l\u00e7\u00fcm\u00fcne sahip olan A\u015fkabat \u00fclkenin en b\u00fcy\u00fck \u015fehridir. 1 milyonun \u00fcst\u00fcnde ki\u015fi A\u015fkabat&#8217;ta ya\u015f\u0131yor. 1948 y\u0131l\u0131nda ger\u00e7ekle\u015fen depremden sonra \u015fehrin binalar\u0131 yenilenmi\u015ftir. A\u015fkabat&#8217;\u0131n el dokuma hal\u0131lar\u0131 ve botanik bah\u00e7esi olduk\u00e7a me\u015fhurdur. \u015eehirde ayn\u0131 zamanda bir\u00e7ok m\u00fcze yer almaktad\u0131r. A\u015fkabat&#8217;\u0131n k\u00fclt\u00fcrel ve ekonomik ili\u015fkiler kurdu\u011fu 6 karde\u015f \u015fehri var. Bunlar: T\u00fcrkiye&#8217;den Karaman ve Ankara, Ukrayna&#8217;dan Kiev, Kazakistan&#8217;dan Nur Sultan, Yunanistan&#8217;dan Atina ve Amerika Birle\u015fik Devletlerinden Albuquerque&#8217;dir.&nbsp;https:\/\/3c8546b98fe7e91206e553857b1073e0.safeframe.googlesyndication.com\/safeframe\/1-0-37\/html\/container.htmlhttps:\/\/3c8546b98fe7e91206e553857b1073e0.safeframe.googlesyndication.com\/safeframe\/1-0-37\/html\/container.html<\/p>\n\n\n\n<p>&nbsp;Da\u015fo\u011fuz, hem vilayetlerden birinin hem de vilayetteki merkez \u015fehrin ad\u0131d\u0131r. Ye\u015fil alan\u0131 \u00e7ok fazla olan ilin bir\u00e7ok idari b\u00f6l\u00fcmden olu\u015fur. Bu idari b\u00f6l\u00fcmlerden baz\u0131lar\u0131 Kurbansultan Ece, Saparmurat T\u00fcrkmenba\u015f\u0131 ve K\u00f6ro\u011flu il\u00e7esidir. Da\u015fo\u011fuz&#8217;un n\u00fcfusu son y\u0131llarda artm\u0131\u015f ve 1 milyonun \u00fcst\u00fcne \u00e7\u0131km\u0131\u015ft\u0131r.&nbsp;<\/p>\n\n\n\n<p>&nbsp;T\u00fcrkmenistan&#8217;\u0131n di\u011fer b\u00fcy\u00fck \u015fehirleri \u015funlard\u0131r: Balkanabat, Atamurat, Hazar, Gumdag ve Baharly.&nbsp;<\/p>\n\n\n\n<p>&nbsp;<strong>T\u00fcrkmenistan&#8217;\u0131n Para Birimi Nerededir?&nbsp;<\/strong><\/p>\n\n\n\n<p>&nbsp;\u00dclkenin para birimi T\u00fcrkmenistan Manat\u0131&#8217;d\u0131r. 1991 y\u0131l\u0131nda \u00f6nce \u00fclkede resmi para birimi olarak Ruble kullan\u0131l\u0131yordu. En d\u00fc\u015f\u00fck banknot 1 T\u00fcrkmenistan Manat\u0131&#8217;d\u0131r. En y\u00fcksek banknot olan 500 T\u00fcrkmenistan Manat\u0131 ise 2009 y\u0131l\u0131nda tedav\u00fcle girmi\u015ftir.&nbsp;<\/p>\n\n\n\n<p>&nbsp;<strong>T\u00fcrkmenistan&#8217;da Konu\u015fulan Diller&nbsp;<\/strong><\/p>\n\n\n\n<p>&nbsp;\u00dclkenin resmi dili T\u00fcrkmencedir. Bunun d\u0131\u015f\u0131nda konu\u015fulan diller aras\u0131nda Rus\u00e7a, Kazak\u00e7a ve \u00d6zbek\u00e7e yer al\u0131r. T\u00fcrkmenceden sonra en \u00e7ok konu\u015fulan dil ise T\u00fcrk\u00e7edir. Dil ve k\u00fclt\u00fcrlerin benzerli\u011fi T\u00fcrkiye ve T\u00fcrkmenistan aras\u0131ndaki k\u00fclt\u00fcr ili\u015fkilerinin geli\u015fmesinde \u00f6nemli olmu\u015ftur. Bununla birlikte 1991 y\u0131l\u0131nda, \u00fclkede ilk b\u00fcy\u00fckel\u00e7ilik a\u00e7an ve T\u00fcrkmenistan&#8217;\u0131 resmi olarak tan\u0131yan ilk \u00fclke T\u00fcrkiye olmu\u015ftur. \u0130ki \u00fclke aras\u0131nda sadece k\u00fclt\u00fcrel de\u011fil ekonomik ili\u015fkiler de geli\u015fmi\u015ftir.&nbsp;https:\/\/3c8546b98fe7e91206e553857b1073e0.safeframe.googlesyndication.com\/safeframe\/1-0-37\/html\/container.htmlhttps:\/\/3c8546b98fe7e91206e553857b1073e0.safeframe.googlesyndication.com\/safeframe\/1-0-37\/html\/container.html<\/p>\n\n\n\n<p>&nbsp;<strong>T\u00fcrkmenistan ile T\u00fcrkiye Aras\u0131ndaki Saat Fark\u0131 Nedir?&nbsp;<\/strong><\/p>\n\n\n\n<p>\u00a0T\u00fcrkmenistan ile T\u00fcrkiye aras\u0131nda 2 saat fark bulunmaktad\u0131r. T\u00fcrkiye&#8217;de saat 19.00 iken T\u00fcrkmenistan&#8217;da 21.00&#8217;d\u0131r.\u00a0<\/p>\n\n\n\n<p><\/p>\n\n\n\n<p class=\"has-text-align-right\"><strong><a href=\"https:\/\/atamder.org\/index.php\/turkmenistan\/\">\u00d6NCEK\u0130 SAYFA<\/a><\/strong><\/p>\n","protected":false},"excerpt":{"rendered":"<p>T\u00fcrkmenistan Nerededir?\u00a0 &nbsp;Orta Asya&#8217;n\u0131n g\u00fcneybat\u0131s\u0131nda bulunan T\u00fcrkmenistan&#8217;\u0131n d\u00f6rt \u00fclke ile kara s\u0131n\u0131r\u0131 bulunur. G\u00fcneyinde \u0130ran ve Afganistan ve kuzeyinde \u00d6zbekistan ve Kazakistan yer al\u0131r. En uzun akarsular\u0131 Murgap ve Tejen&hellip;<\/p>\n","protected":false},"author":2,"featured_media":0,"parent":0,"menu_order":0,"comment_status":"closed","ping_status":"closed","template":"","meta":{"footnotes":""},"_links":{"self":[{"href":"https:\/\/atamder.org\/index.php\/wp-json\/wp\/v2\/pages\/2920"}],"collection":[{"href":"https:\/\/atamder.org\/index.php\/wp-json\/wp\/v2\/pages"}],"about":[{"href":"https:\/\/atamder.org\/index.php\/wp-json\/wp\/v2\/types\/page"}],"author":[{"embeddable":true,"href":"https:\/\/atamder.org\/index.php\/wp-json\/wp\/v2\/users\/2"}],"replies":[{"embeddable":true,"href":"https:\/\/atamder.org\/index.php\/wp-json\/wp\/v2\/comments?post=2920"}],"version-history":[{"count":3,"href":"https:\/\/atamder.org\/index.php\/wp-json\/wp\/v2\/pages\/2920\/revisions"}],"predecessor-version":[{"id":4768,"href":"https:\/\/atamder.org\/index.php\/wp-json\/wp\/v2\/pages\/2920\/revisions\/4768"}],"wp:attachment":[{"href":"https:\/\/atamder.org\/index.php\/wp-json\/wp\/v2\/media?parent=2920"}],"curies":[{"name":"wp","href":"https:\/\/api.w.org\/{rel}","templated":true}]}}