{"id":2824,"date":"2020-09-08T04:31:42","date_gmt":"2020-09-08T01:31:42","guid":{"rendered":"http:\/\/atamder.org\/?page_id=2824"},"modified":"2021-01-28T22:12:06","modified_gmt":"2021-01-28T19:12:06","slug":"mogolistan-bayragi","status":"publish","type":"page","link":"https:\/\/atamder.org\/index.php\/mogolistan-bayragi\/","title":{"rendered":"MO\u011eOL\u0130STAN BAYRA\u011eI"},"content":{"rendered":"\n<figure class=\"wp-block-image size-large\"><img loading=\"lazy\" decoding=\"async\" width=\"942\" height=\"471\" src=\"http:\/\/atamder.org\/wp-content\/uploads\/2021\/01\/mogolistan-bayragi1.png\" alt=\"\" class=\"wp-image-4738\" srcset=\"https:\/\/atamder.org\/wp-content\/uploads\/2021\/01\/mogolistan-bayragi1.png 942w, https:\/\/atamder.org\/wp-content\/uploads\/2021\/01\/mogolistan-bayragi1-300x150.png 300w, https:\/\/atamder.org\/wp-content\/uploads\/2021\/01\/mogolistan-bayragi1-768x384.png 768w, https:\/\/atamder.org\/wp-content\/uploads\/2021\/01\/mogolistan-bayragi1-140x70.png 140w, https:\/\/atamder.org\/wp-content\/uploads\/2021\/01\/mogolistan-bayragi1-600x300.png 600w\" sizes=\"(max-width: 942px) 100vw, 942px\" \/><\/figure>\n\n\n\n<p><\/p>\n\n\n\n<p>12 \u015eubat 1992 y\u0131l\u0131nda resmi anlamda y\u00fcr\u00fcrl\u00fc\u011fe giren bayrak g\u00f6ndere \u00e7ekilmi\u015f bir ulusal bayrakt\u0131r. Bayrak hala g\u00fcn\u00fcm\u00fczde kullan\u0131lmakta ve bu g\u00fcne gelene kadar bir\u00e7ok de\u011fi\u015fik \u015fekilleri alan bayrak hala g\u00f6nderde bu \u015fekli ile dalgalanmaktad\u0131r. Bayrak \u00fc\u00e7 ana renkten meydana gelmi\u015f ve dikey olarak haz\u0131rlanm\u0131\u015f bir bayrakt\u0131r. Bayra\u011f\u0131n g\u00f6ndere \u00e7ekildi\u011fi tarafta yer alan k\u0131m\u0131z\u0131 renk ve ortada yer alan mavi rengi yine k\u0131rm\u0131z\u0131 renk takip etmi\u015fti. G\u00f6nder taraf\u0131nda yer alan ve devletin simgesi halinde olan ve ulusun Soyomba dedikleri ulusal amblem bayrak da yer alm\u0131\u015ft\u0131r.\u00a0Mo\u011folistan Bayra\u011f\u0131 Anlam\u0131\u00a0ise k\u0131rm\u0131z\u0131 Mo\u011folistan sosyalist inan\u00e7lar\u0131na temsile der ve ayn\u0131 zamanda ilerlemeyi ve \u00f6zg\u00fcrl\u00fc\u011f\u00fc simgelemektedir.<\/p>\n\n\n\n<p>Mo\u011folistan Bayra\u011f\u0131 Resmi\u00a0mavi renk g\u00f6ky\u00fcz\u00fcn\u00fc ifade ederken Mo\u011fol halk\u0131n\u0131n ne kadar \u00f6zg\u00fcl\u00fcklerine d\u00fc\u015fk\u00fcn ulus oldu\u011fun vurgulamak i\u00e7in kullan\u0131lm\u0131\u015ft\u0131r. Yine g\u00f6ndere \u00e7ekilen tarafta ulusun sembol\u00fc olan ve k\u0131rm\u0131z\u0131 bayrak \u00fczerinde bulanan sembol ate\u015f, g\u00fcne\u015f, su, ay, toprak ve yin-yang sembolleri yer almaktad\u0131r. Sembol\u00fcn en \u00fcst\u00fcnde yanan ate\u015f refah\u0131 ve bollu\u011fu temsil etmekte, \u00fc\u00e7 alevin aln\u0131m\u0131 ise bug\u00fcn, yar\u0131n ve d\u00fcn anlam\u0131na gelmektedir. G\u00fcne\u015f ve Ay t\u00fcm evreni temsil ederken u\u00e7lar\u0131 yere bakan oklar ise \u00fclkelerin korumak Mo\u011follar i\u00e7in en kadar \u00f6nemli oldu\u011fun g\u00f6stermektedir. Yatak \u00e7izgiler d\u00fcr\u00fcstl\u00fck ve \u00e7al\u0131\u015fkanl\u0131\u011f\u0131 temsil etmektedir, yin- yang ise d\u00fcnyan\u0131n z\u0131t kutuplar\u0131n\u0131 g\u00f6stermekte ve elementleri temsil etmektedir.<\/p>\n\n\n\n<p>Bayrak 1992 y\u0131l\u0131nda kabul g\u00f6rm\u00fc\u015f ve hala kullan\u0131lan\u00a0Mo\u011folistan Bayra\u011f\u0131 A\u00e7\u0131klamas\u0131\u00a0tek bayrak olarak resmiyet kazarak bayrak kanunu ile koruma alt\u0131na al\u0131nm\u0131\u015ft\u0131r. 1911 y\u0131l\u0131nda k\u0131rm\u0131z\u0131 zemin \u00fczerine sadece Soyombo amblemi kullan\u0131lan ve 1921 y\u0131l\u0131na kadar ayn\u0131 bayrak g\u00f6kleri s\u00fcsleyen Mo\u011fol Kom\u00fcnist Devrimcileri k\u0131rm\u0131z\u0131 renk \u00fczerine bayra\u011f\u0131n g\u00f6ndere bakan k\u0131sm\u0131na yar\u0131m hilal ve ortam\u0131na g\u00fcne\u015fi temsil eden sar\u0131 renkli amblemli bayra\u011f\u0131 g\u00f6ndere \u00e7ekmi\u015fler. 1924-1940 y\u0131llar\u0131 aras\u0131nda ise bayrak yine k\u0131rm\u0131z\u0131 zemin olarak kalm\u0131\u015f ama bu sefer Soyomba amblemi mavi renk \u00fczerine bayra\u011f\u0131n tam ortas\u0131na i\u015flenmi\u015ftir. Bayrak kanundan sonra Mo\u011fol bayra\u011f\u0131 bir daha de\u011fi\u015fmeden bug\u00fcnk\u00fc hali ile kullan\u0131lmaktad\u0131r.<\/p>\n\n\n\n<p><\/p>\n\n\n\n<p class=\"has-text-align-right\"><strong><a href=\"https:\/\/atamder.org\/index.php\/mogolistan-2\/\">\u00d6NCEK\u0130 SAYFA<\/a><\/strong><\/p>\n","protected":false},"excerpt":{"rendered":"<p>12 \u015eubat 1992 y\u0131l\u0131nda resmi anlamda y\u00fcr\u00fcrl\u00fc\u011fe giren bayrak g\u00f6ndere \u00e7ekilmi\u015f bir ulusal bayrakt\u0131r. Bayrak hala g\u00fcn\u00fcm\u00fczde kullan\u0131lmakta ve bu g\u00fcne gelene kadar bir\u00e7ok de\u011fi\u015fik \u015fekilleri alan bayrak hala g\u00f6nderde&hellip;<\/p>\n","protected":false},"author":2,"featured_media":0,"parent":0,"menu_order":0,"comment_status":"closed","ping_status":"closed","template":"","meta":{"footnotes":""},"_links":{"self":[{"href":"https:\/\/atamder.org\/index.php\/wp-json\/wp\/v2\/pages\/2824"}],"collection":[{"href":"https:\/\/atamder.org\/index.php\/wp-json\/wp\/v2\/pages"}],"about":[{"href":"https:\/\/atamder.org\/index.php\/wp-json\/wp\/v2\/types\/page"}],"author":[{"embeddable":true,"href":"https:\/\/atamder.org\/index.php\/wp-json\/wp\/v2\/users\/2"}],"replies":[{"embeddable":true,"href":"https:\/\/atamder.org\/index.php\/wp-json\/wp\/v2\/comments?post=2824"}],"version-history":[{"count":2,"href":"https:\/\/atamder.org\/index.php\/wp-json\/wp\/v2\/pages\/2824\/revisions"}],"predecessor-version":[{"id":4739,"href":"https:\/\/atamder.org\/index.php\/wp-json\/wp\/v2\/pages\/2824\/revisions\/4739"}],"wp:attachment":[{"href":"https:\/\/atamder.org\/index.php\/wp-json\/wp\/v2\/media?parent=2824"}],"curies":[{"name":"wp","href":"https:\/\/api.w.org\/{rel}","templated":true}]}}