{"id":2819,"date":"2020-09-08T04:31:39","date_gmt":"2020-09-08T01:31:39","guid":{"rendered":"http:\/\/atamder.org\/?page_id=2819"},"modified":"2021-01-28T22:50:54","modified_gmt":"2021-01-28T19:50:54","slug":"ozbekistan-t-c-buyukelciligi","status":"publish","type":"page","link":"https:\/\/atamder.org\/index.php\/ozbekistan-t-c-buyukelciligi\/","title":{"rendered":"\u00d6ZBEK\u0130STAN T.C. B\u00dcY\u00dcKEL\u00c7\u0130L\u0130\u011e\u0130"},"content":{"rendered":"\n<figure class=\"wp-block-image size-large\"><img loading=\"lazy\" decoding=\"async\" width=\"300\" height=\"200\" src=\"http:\/\/atamder.org\/wp-content\/uploads\/2021\/01\/aliser-azamhocayev.jpg\" alt=\"\" class=\"wp-image-4756\" srcset=\"https:\/\/atamder.org\/wp-content\/uploads\/2021\/01\/aliser-azamhocayev.jpg 300w, https:\/\/atamder.org\/wp-content\/uploads\/2021\/01\/aliser-azamhocayev-140x93.jpg 140w, https:\/\/atamder.org\/wp-content\/uploads\/2021\/01\/aliser-azamhocayev-272x182.jpg 272w\" sizes=\"(max-width: 300px) 100vw, 300px\" \/><\/figure>\n\n\n\n<p><\/p>\n\n\n\n<h4 class=\"wp-block-heading\"><strong>\u00a0Ali\u015fer AZAMHOCAYEV<\/strong><\/h4>\n\n\n\n<p><\/p>\n\n\n\n<p>D\u0131\u015fi\u015fleri Bakanl\u0131\u011f\u0131 Rusya ve Ba\u011f\u0131ms\u0131z Devletler Toplulu\u011fu (<strong>BDT<\/strong>) \u00dclkeleriyle \u0130\u015f Birli\u011fi Genel M\u00fcd\u00fcr\u00fc olarak g\u00f6rev yap\u0131yordu.<\/p>\n\n\n\n<p><\/p>\n\n\n\n<h4 class=\"wp-block-heading\">2021&nbsp;Ankara B\u00fcy\u00fckel\u00e7ili\u011fi&nbsp;Resmi Tatil G\u00fcnleri Ne Zaman?<\/h4>\n\n\n\n<p>\u00d6zbekistan Ankara B\u00fcy\u00fckel\u00e7ili\u011fi,&nbsp;\u00d6zbekistan Cumhuriyeti Devletinin 2021&nbsp;y\u0131l\u0131 resmi tatillerinde hizmet vermemektedir. \u00d6zbek vizesi i\u00e7in ba\u015fvuruda bulunmak veya \u00d6zbekistan konsolosluk\/resmi evrak&nbsp;i\u015flemleri i\u00e7in m\u00fcracatta bulunmak&nbsp;isteyen ki\u015filerin bu tarihlere g\u00f6re seyahatlerini veya i\u015flemlerini planlamaya \u00f6zen g\u00f6stermelidirler.&nbsp;&nbsp;<\/p>\n\n\n\n<p>1 Ocak &#8211; Y\u0131lba\u015f\u0131<\/p>\n\n\n\n<p>8 Mart &#8211; Uluslararas\u0131 Kad\u0131nlar G\u00fcn\u00fc<\/p>\n\n\n\n<p>21 Mart &#8211; Nevruz&nbsp;<\/p>\n\n\n\n<p>9 May\u0131s&nbsp; &#8211; Hat\u0131ra G\u00fcn\u00fc<\/p>\n\n\n\n<p>1 Eyl\u00fcl &#8211; Ba\u011f\u0131ms\u0131zl\u0131k G\u00fcn\u00fc<\/p>\n\n\n\n<p>1 Ekim &#8211; \u00d6\u011fretmenler G\u00fcn\u00fc<\/p>\n\n\n\n<p>8 Aral\u0131k &#8211; Anayasa G\u00fcn\u00fc<\/p>\n\n\n\n<p>Ay takvimine g\u00f6re Ramazan&nbsp;Bayram\u0131n\u0131n ilk g\u00fcn\u00fc Ruza Hayit&nbsp;<\/p>\n\n\n\n<p>Ay takvimine g\u00f6re Kurban Bayram\u0131n\u0131n ilk g\u00fcn\u00fc&nbsp;Qurban Hayit&nbsp;<\/p>\n\n\n\n<p><strong>\u00d6zbekistan Ankara B\u00fcy\u00fckel\u00e7ili\u011fi \u00c7al\u0131\u015fma Saatleri :<\/strong><\/p>\n\n\n\n<p>\u00d6zbekistan Ankara B\u00fcy\u00fckel\u00e7ili\u011fi Pazartesi-Cuma &nbsp;09:00 \u2013 18:00 saatleri aras\u0131nda hizmet vermektedir.<\/p>\n\n\n\n<p><strong>Konsolosluk ve Vize B\u00f6l\u00fcm\u00fc Ba\u015fvuru Saatleri:<\/strong>&nbsp;<\/p>\n\n\n\n<p>Hafta i\u00e7i her g\u00fcn &nbsp;10:00 \u2013 18:00 &nbsp;<\/p>\n\n\n\n<p><strong>Adres:<\/strong>&nbsp;&nbsp;Sancak Mahallesi 549. Sokak No: 3 &nbsp;&nbsp;&nbsp;&nbsp;\u00c7ankaya\/ANKARA<\/p>\n\n\n\n<p><strong>Posta Adresi:<\/strong>&nbsp;&nbsp;PK&nbsp;&nbsp; 06550&nbsp; \u00c7ankaya\/ANKARA<\/p>\n\n\n\n<p><strong>Konsolosluk B\u00f6l\u00fcm\u00fc Telefon :&nbsp;<\/strong>&nbsp;&nbsp; 0&nbsp;312 441 17 46<\/p>\n\n\n\n<p><strong>Ofis B\u00f6l\u00fcm\u00fc Telefon :&nbsp;<\/strong>&nbsp;0 312 441 38 71<\/p>\n\n\n\n<p><strong>Fax :<\/strong>&nbsp; &nbsp;0 312 442 70 58<\/p>\n\n\n\n<p><strong>E-posta Adresi:<\/strong>&nbsp; uzbekistanemb@gmail.com<\/p>\n\n\n\n<p><strong>Web Adresi :<\/strong>\u00a0http:\/\/www.uzembassy.org.tr<\/p>\n\n\n\n<p><\/p>\n\n\n\n<p class=\"has-text-align-right\"><strong><a href=\"https:\/\/atamder.org\/index.php\/ozbekistan\/\">\u00d6NCEK\u0130 SAYFA<\/a><\/strong><\/p>\n","protected":false},"excerpt":{"rendered":"<p>\u00a0Ali\u015fer AZAMHOCAYEV D\u0131\u015fi\u015fleri Bakanl\u0131\u011f\u0131 Rusya ve Ba\u011f\u0131ms\u0131z Devletler Toplulu\u011fu (BDT) \u00dclkeleriyle \u0130\u015f Birli\u011fi Genel M\u00fcd\u00fcr\u00fc olarak g\u00f6rev yap\u0131yordu. 2021&nbsp;Ankara B\u00fcy\u00fckel\u00e7ili\u011fi&nbsp;Resmi Tatil G\u00fcnleri Ne Zaman? \u00d6zbekistan Ankara B\u00fcy\u00fckel\u00e7ili\u011fi,&nbsp;\u00d6zbekistan Cumhuriyeti Devletinin 2021&nbsp;y\u0131l\u0131&hellip;<\/p>\n","protected":false},"author":2,"featured_media":0,"parent":0,"menu_order":0,"comment_status":"closed","ping_status":"closed","template":"","meta":{"footnotes":""},"_links":{"self":[{"href":"https:\/\/atamder.org\/index.php\/wp-json\/wp\/v2\/pages\/2819"}],"collection":[{"href":"https:\/\/atamder.org\/index.php\/wp-json\/wp\/v2\/pages"}],"about":[{"href":"https:\/\/atamder.org\/index.php\/wp-json\/wp\/v2\/types\/page"}],"author":[{"embeddable":true,"href":"https:\/\/atamder.org\/index.php\/wp-json\/wp\/v2\/users\/2"}],"replies":[{"embeddable":true,"href":"https:\/\/atamder.org\/index.php\/wp-json\/wp\/v2\/comments?post=2819"}],"version-history":[{"count":3,"href":"https:\/\/atamder.org\/index.php\/wp-json\/wp\/v2\/pages\/2819\/revisions"}],"predecessor-version":[{"id":4757,"href":"https:\/\/atamder.org\/index.php\/wp-json\/wp\/v2\/pages\/2819\/revisions\/4757"}],"wp:attachment":[{"href":"https:\/\/atamder.org\/index.php\/wp-json\/wp\/v2\/media?parent=2819"}],"curies":[{"name":"wp","href":"https:\/\/api.w.org\/{rel}","templated":true}]}}