{"id":2807,"date":"2020-09-08T04:31:33","date_gmt":"2020-09-08T01:31:33","guid":{"rendered":"http:\/\/atamder.org\/?page_id=2807"},"modified":"2024-01-12T09:46:45","modified_gmt":"2024-01-12T06:46:45","slug":"kazakistan-t-c-buyukelciligi","status":"publish","type":"page","link":"https:\/\/atamder.org\/index.php\/kazakistan-t-c-buyukelciligi\/","title":{"rendered":"KAZAK\u0130STAN T.C. B\u00dcY\u00dcKEL\u00c7\u0130L\u0130\u011e\u0130"},"content":{"rendered":"\n<figure class=\"wp-block-image size-full\"><img loading=\"lazy\" decoding=\"async\" width=\"540\" height=\"720\" src=\"https:\/\/atamder.org\/wp-content\/uploads\/2024\/01\/Sapiyev-YErkebulan-Onalbekuly.jpg\" alt=\"\" class=\"wp-image-5983\" srcset=\"https:\/\/atamder.org\/wp-content\/uploads\/2024\/01\/Sapiyev-YErkebulan-Onalbekuly.jpg 540w, https:\/\/atamder.org\/wp-content\/uploads\/2024\/01\/Sapiyev-YErkebulan-Onalbekuly-225x300.jpg 225w, https:\/\/atamder.org\/wp-content\/uploads\/2024\/01\/Sapiyev-YErkebulan-Onalbekuly-140x187.jpg 140w\" sizes=\"(max-width: 540px) 100vw, 540px\" \/><\/figure>\n\n\n\n<h2 class=\"wp-block-heading\">Sapiyev\u00a0Yerkebulan\u00a0Onalbekuly<\/h2>\n\n\n\n<p>Kazakistan Cumhuriyeti Ankara Ola\u011fan\u00fcst\u00fc ve Tam Yetkili B\u00fcy\u00fckel\u00e7isi<\/p>\n\n\n\n<h2 class=\"wp-block-heading\">E\u011fitim<\/h2>\n\n\n\n<p><strong>Do\u011fum Y\u0131l\u0131:\u00a0<\/strong>26 Haziran 1975<\/p>\n\n\n\n<p><strong>Do\u011fum Yeri:\u00a0<\/strong>\u00a0Moskova, Rusya Federasyonu<\/p>\n\n\n\n<p>&nbsp;Ankara \u00dcniversitesi, Siyasal Bilgiler Fak\u00fcltesi, \u0130ktisat B\u00f6l\u00fcm\u00fc (Lisans, 1998);<\/p>\n\n\n\n<p>\u0130stanbul Ayd\u0131n \u00dcniversitesi, Sosyal Bilimler Enstit\u00fcs\u00fc, Siyaset Bilimi ve Uluslararas\u0131 \u0130li\u015fkiler (Y\u00fcksek Lisans, 2017);<\/p>\n\n\n\n<p>\u0130stanbul Ayd\u0131n \u00dcniversitesi, Sosyal Bilimler Enstit\u00fcs\u00fc, Siyaset Bilimi ve Uluslararas\u0131 \u0130li\u015fkiler (Doktora, devam etmektedir);<\/p>\n\n\n\n<h2 class=\"wp-block-heading\">Kariyer<\/h2>\n\n\n\n<p><strong>Bulundu\u011fu Memuriyetler:<\/strong><\/p>\n\n\n\n<ol>\n<li><strong><em>I<\/em><\/strong><strong><em>.&nbsp;<\/em><\/strong><strong><em>s<\/em><\/strong><strong><em>\u0131<\/em><\/strong><strong><em>n<\/em><\/strong><strong><em>\u0131<\/em><\/strong><strong><em>f<\/em><\/strong>&nbsp;<strong><em>Ola<\/em><\/strong><strong><em>\u011f<\/em><\/strong><strong><em>an<\/em><\/strong><strong><em>\u00fc<\/em><\/strong><strong><em>st<\/em><\/strong><strong><em>\u00fc&nbsp;<\/em><\/strong><strong><em>ve<\/em><\/strong>&nbsp;<strong><em>Tam<\/em><\/strong>&nbsp;<strong><em>Yetkili<\/em><\/strong>&nbsp;<strong><em>B<\/em><\/strong><strong><em>\u00fc<\/em><\/strong><strong><em>y<\/em><\/strong><strong><em>\u00fc<\/em><\/strong><strong><em>kel<\/em><\/strong><strong><em>\u00e7<\/em><\/strong><strong><em>i<\/em><\/strong>&nbsp;<strong><em>diplomatik<\/em><\/strong>&nbsp;<strong><em>r<\/em><\/strong><strong><em>\u00fc<\/em><\/strong><strong><em>tbe<\/em><\/strong>&nbsp;<strong><em>sahibi<\/em><\/strong><strong><em>.<\/em><\/strong><\/li>\n<\/ol>\n\n\n\n<p><strong>1999 \u2013 2003<\/strong>&nbsp;&nbsp;&nbsp;&nbsp;&nbsp;&nbsp;&nbsp;&nbsp;&nbsp;&nbsp;&nbsp;&nbsp;&nbsp;&nbsp;&nbsp;&nbsp; Kazakistan Cumhuriyeti Maliye Bakanl\u0131\u011f\u0131&#8217;nda \u00e7e\u015fitli pozisyonlarda \u00e7al\u0131\u015ft\u0131;<\/p>\n\n\n\n<p><strong>2003 \u2013 2004<\/strong>&nbsp;&nbsp;&nbsp;&nbsp;&nbsp;&nbsp;&nbsp;&nbsp;&nbsp;&nbsp;&nbsp;&nbsp;&nbsp;&nbsp;&nbsp;&nbsp; Almat\u0131 \u015fehri &#8220;K\u00fc\u00e7\u00fck \u0130\u015fletme Geli\u015ftirme Fonu&#8221; K.A.\u015e.\u2019de \u00fcst d\u00fczey pozisyonlarda \u00e7al\u0131\u015ft\u0131;<\/p>\n\n\n\n<p><strong>2004 \u2013 2006&nbsp;<\/strong>&nbsp;&nbsp;&nbsp;&nbsp;&nbsp;&nbsp;&nbsp;&nbsp;&nbsp;&nbsp;&nbsp;&nbsp;&nbsp;&nbsp;&nbsp; Kazakistan Cumhuriyeti Cumhurba\u015fkanl\u0131\u011f\u0131 Sosyo-Ekonomik Analizi B\u00f6l\u00fcm\u00fcnde Ba\u015f Uzman ve Sekt\u00f6r Ba\u015fkan\u0131;<\/p>\n\n\n\n<p><strong>2006 \u2013 2011<\/strong>&nbsp;&nbsp;&nbsp;&nbsp;&nbsp;&nbsp;&nbsp;&nbsp;&nbsp;&nbsp;&nbsp;&nbsp;&nbsp;&nbsp;&nbsp;&nbsp; Kazakistan Cumhuriyeti Ankara B\u00fcy\u00fckel\u00e7ili\u011fi M\u00fcste\u015far\u0131, El\u00e7i-M\u00fcste\u015far\u0131<\/p>\n\n\n\n<p><strong>2011 \u2013 2013<\/strong>&nbsp;&nbsp;&nbsp;&nbsp;&nbsp;&nbsp;&nbsp;&nbsp;&nbsp;&nbsp;&nbsp;&nbsp;&nbsp;&nbsp;&nbsp;&nbsp; Kazakistan Cumhuriyeti D\u0131\u015fi\u015fleri Bakanl\u0131\u011f\u0131 Orta Asya, G\u00fcney Kafkasya ve T\u00fcrkiye Genel M\u00fcd\u00fcr Yard\u0131mc\u0131s\u0131;<\/p>\n\n\n\n<p><strong>2013 \u2013 2014<\/strong>&nbsp;&nbsp;&nbsp;&nbsp;&nbsp;&nbsp;&nbsp;&nbsp;&nbsp;&nbsp;&nbsp;&nbsp;&nbsp;&nbsp;&nbsp;&nbsp; Kazakistan Cumhuriyeti D\u0131\u015fi\u015fleri Bakanl\u0131\u011f\u0131 Genel Asya \u0130\u015fbirli\u011fi Genel M\u00fcd\u00fcr Yard\u0131mc\u0131s\u0131;<\/p>\n\n\n\n<p><strong>2014 \u2013 2018<\/strong>&nbsp;&nbsp;&nbsp;&nbsp;&nbsp;&nbsp;&nbsp;&nbsp;&nbsp;&nbsp;&nbsp;&nbsp;&nbsp;&nbsp;&nbsp;&nbsp; Kazakistan Cumhuriyeti \u0130stanbul Ba\u015fkonsolosu;<\/p>\n\n\n\n<p><strong>2018 \u2013 2019<\/strong>&nbsp;&nbsp;&nbsp;&nbsp;&nbsp;&nbsp;&nbsp;&nbsp;&nbsp;&nbsp;&nbsp;&nbsp;&nbsp;&nbsp;&nbsp;&nbsp; T\u00fcrkistan \u0130l Valisi Dan\u0131\u015fman\u0131, Kazakistan Cumhuriyeti D\u0131\u015fi\u015fleri Bakanl\u0131\u011f\u0131 \u00d6zel G\u00f6revli B\u00fcy\u00fckel\u00e7i;<\/p>\n\n\n\n<p><strong>2019 \u2013 2022<\/strong>&nbsp;&nbsp;&nbsp;&nbsp;&nbsp;&nbsp;&nbsp;&nbsp;&nbsp;&nbsp;&nbsp;&nbsp;&nbsp;&nbsp;&nbsp;&nbsp; Kazakistan Cumhuriyeti A\u015fkabat Ola\u011fan\u00fcst\u00fc ve Tam Yetkili B\u00fcy\u00fckel\u00e7isi;<\/p>\n\n\n\n<p><strong>15.03.2022-<\/strong>&nbsp;&nbsp;&nbsp;&nbsp;&nbsp;&nbsp;&nbsp;&nbsp;&nbsp;&nbsp;&nbsp;&nbsp;&nbsp;&nbsp;&nbsp;&nbsp; Kazakistan Cumhuriyeti Ankara ve Tiran Ola\u011fan\u00fcst\u00fc ve Tam Yetkili B\u00fcy\u00fckel\u00e7isi.<\/p>\n\n\n\n<p>\u0130leti\u015fim bilgileri <\/p>\n\n\n\n<p>Adres: K\u0131l\u0131\u00e7 Ali sk. No:6 Oran, \u00c7ankaya\/ Ankara<\/p>\n\n\n\n<p>Kabul b\u00f6l\u00fcm\u00fc telefonu:<\/p>\n\n\n\n<p>+90 312 491 91 00<\/p>\n\n\n\n<p>E-mail:<\/p>\n\n\n\n<p>ankara@mfa.kz<\/p>\n\n\n\n<p class=\"has-text-align-right\"><a href=\"https:\/\/atamder.org\/index.php\/kazakistan\/\"><strong>\u00d6NCEK\u0130 SAYFA<\/strong><\/a><\/p>\n","protected":false},"excerpt":{"rendered":"<p>Sapiyev\u00a0Yerkebulan\u00a0Onalbekuly Kazakistan Cumhuriyeti Ankara Ola\u011fan\u00fcst\u00fc ve Tam Yetkili B\u00fcy\u00fckel\u00e7isi E\u011fitim Do\u011fum Y\u0131l\u0131:\u00a026 Haziran 1975 Do\u011fum Yeri:\u00a0\u00a0Moskova, Rusya Federasyonu &nbsp;Ankara \u00dcniversitesi, Siyasal Bilgiler Fak\u00fcltesi, \u0130ktisat B\u00f6l\u00fcm\u00fc (Lisans, 1998); \u0130stanbul Ayd\u0131n \u00dcniversitesi,&hellip;<\/p>\n","protected":false},"author":2,"featured_media":0,"parent":0,"menu_order":0,"comment_status":"closed","ping_status":"closed","template":"","meta":{"footnotes":""},"_links":{"self":[{"href":"https:\/\/atamder.org\/index.php\/wp-json\/wp\/v2\/pages\/2807"}],"collection":[{"href":"https:\/\/atamder.org\/index.php\/wp-json\/wp\/v2\/pages"}],"about":[{"href":"https:\/\/atamder.org\/index.php\/wp-json\/wp\/v2\/types\/page"}],"author":[{"embeddable":true,"href":"https:\/\/atamder.org\/index.php\/wp-json\/wp\/v2\/users\/2"}],"replies":[{"embeddable":true,"href":"https:\/\/atamder.org\/index.php\/wp-json\/wp\/v2\/comments?post=2807"}],"version-history":[{"count":4,"href":"https:\/\/atamder.org\/index.php\/wp-json\/wp\/v2\/pages\/2807\/revisions"}],"predecessor-version":[{"id":5985,"href":"https:\/\/atamder.org\/index.php\/wp-json\/wp\/v2\/pages\/2807\/revisions\/5985"}],"wp:attachment":[{"href":"https:\/\/atamder.org\/index.php\/wp-json\/wp\/v2\/media?parent=2807"}],"curies":[{"name":"wp","href":"https:\/\/api.w.org\/{rel}","templated":true}]}}