{"id":2803,"date":"2020-09-08T04:31:31","date_gmt":"2020-09-08T01:31:31","guid":{"rendered":"http:\/\/atamder.org\/?page_id=2803"},"modified":"2020-09-30T01:47:32","modified_gmt":"2020-09-29T22:47:32","slug":"azerbaycan-hakkinda","status":"publish","type":"page","link":"https:\/\/atamder.org\/index.php\/azerbaycan-hakkinda\/","title":{"rendered":"AZERBAYCAN HAKKINDA"},"content":{"rendered":"\n<p><\/p>\n\n\n\n<figure class=\"wp-block-embed-youtube wp-block-embed is-type-video is-provider-youtube wp-embed-aspect-16-9 wp-has-aspect-ratio\"><div class=\"wp-block-embed__wrapper\">\n<iframe loading=\"lazy\" title=\"Bak\u00fc - Karde\u015f Azerbaycan | Gezi Rehberi ve Gezilecek Yerler\" width=\"560\" height=\"315\" src=\"https:\/\/www.youtube.com\/embed\/p5US5LHl1wU?feature=oembed\" frameborder=\"0\" allow=\"accelerometer; autoplay; clipboard-write; encrypted-media; gyroscope; picture-in-picture\" allowfullscreen><\/iframe>\n<\/div><\/figure>\n\n\n\n<p><\/p>\n\n\n\n<h5 class=\"wp-block-heading\"><strong>K\u00fcnye<\/strong><\/h5>\n\n\n\n<p><strong>Ba\u015fkent:&nbsp;<\/strong>Bak\u00fc<\/p>\n\n\n\n<p><strong>N\u00fcfus:<\/strong>&nbsp;9,8 milyon (2017)&nbsp;<\/p>\n\n\n\n<p><strong>Etnik yap\u0131:&nbsp;<\/strong>Y\u00fczde 91,6 Azerbaycanl\u0131, y\u00fczde 2 Lezgi, y\u00fczde 1,3 Ermeni, y\u00fczde 1,3 Rus, y\u00fczde 1,3 Tal\u0131\u015f, y\u00fczde 2,5 di\u011fer (2009) &nbsp;<\/p>\n\n\n\n<p><strong>Y\u00fcz\u00f6l\u00e7\u00fcm\u00fc:<\/strong>&nbsp;86 bin kilometrekare&nbsp;<\/p>\n\n\n\n<p><strong>Dil:&nbsp;<\/strong>Azerbaycanca<\/p>\n\n\n\n<p><strong>Din:&nbsp;<\/strong>Y\u00fczde 93,4 M\u00fcsl\u00fcman, y\u00fczde 3,1 Hristiyan, y\u00fczde 3 inan\u00e7s\u0131z, y\u00fczde 0,5 di\u011fer (2015)<\/p>\n\n\n\n<p><strong>Para Birimi:&nbsp;<\/strong>Manat&nbsp;<\/p>\n\n\n\n<h5 class=\"wp-block-heading\"><strong>Genel Bilgiler<\/strong><\/h5>\n\n\n\n<p>1918-1920 aras\u0131nda 2 y\u0131l ba\u011f\u0131ms\u0131z kalan Azerbaycan, 70 y\u0131ll\u0131k Sovyet d\u00f6neminin ard\u0131ndan 26 y\u0131ld\u0131r d\u00fcnya arenas\u0131nda yeniden ba\u011f\u0131ms\u0131z bir devlet olarak yer al\u0131yor.&nbsp;<\/p>\n\n\n\n<p>Hazar Denizi k\u0131y\u0131s\u0131nda bulunan, Rusya, \u0130ran, G\u00fcrcistan, Ermenistan ve T\u00fcrkiye ile kom\u015fu \u00fclkede, resmi dil olarak T\u00fcrk\u00e7e k\u00f6kenli Azerbaycanca konu\u015fuluyor.<\/p>\n\n\n\n<p>Topraklar\u0131n\u0131n y\u00fczde 20&#8217;si Ermenistan i\u015fgali alt\u0131nda, 1 milyon insan\u0131 m\u00fclteci durumunda olan Azerbaycan, bir taraftan Da\u011fl\u0131k Karaba\u011f ve etraf\u0131ndaki illeri i\u015fgalden kurtarmak i\u00e7in m\u00fczakereler y\u00fcr\u00fct\u00fcyor, di\u011fer taraftan ordusunu olas\u0131 sava\u015fa kar\u015f\u0131 g\u00fc\u00e7lendirmeye \u00e7al\u0131\u015f\u0131yor.&nbsp;<\/p>\n\n\n\n<p>Azerbaycan, do\u011fal g\u00fczellikleri ve \u00e7ok say\u0131da tarihi yap\u0131ya sahip olmas\u0131yla tan\u0131n\u0131yor. \u00dclke, son d\u00f6nemde Rusya, Avrupa ve \u00f6zellikle K\u00f6rfez \u00fclkelerinden gelen turistleri a\u011f\u0131rl\u0131yor.<\/p>\n\n\n\n<p>Azerbaycan, tarihi ve \u00e7a\u011fda\u015f yap\u0131lar\u0131 i\u00e7 i\u00e7e bar\u0131nd\u0131ran ba\u015fkenti Bak\u00fc, her ad\u0131mda ge\u00e7mi\u015fin izlerini ta\u015f\u0131yan do\u011fal g\u00fczelliklere sahip Gence, \u015eeki, Guba ve Lenkeran gibi illeri, geleneksel m\u00fczi\u011fi, sanata ve sanat\u00e7\u0131ya verdi\u011fi de\u011fer, Kafkasya, \u0130ran ve T\u00fcrk mutfa\u011f\u0131n\u0131n harmanland\u0131\u011f\u0131 yemek k\u00fclt\u00fcr\u00fc ile turizm potansiyeli y\u00fcksek \u00fclkeler aras\u0131nda g\u00f6steriliyor.&nbsp;<\/p>\n\n\n\n<p>D\u00fcnyada 11 iklim \u00e7e\u015fidinden 9&#8217;una sahip Azerbaycan&#8217;\u0131n ovalar\u0131nda \u0131l\u0131man, y\u00fcksek kesimlerinde sert iklimin etkileri g\u00f6r\u00fcl\u00fcyor.<\/p>\n\n\n\n<p>Azerbaycan ayr\u0131ca Mersin bal\u0131\u011f\u0131ndan \u00fcretilen siyah havyar\u0131yla d\u00fcnyaca \u00fcn kazanm\u0131\u015f durumda.&nbsp;<\/p>\n\n\n\n<h5 class=\"wp-block-heading\"><strong>Ekonomi<\/strong><\/h5>\n\n\n\n<p>Petrol fiyatlar\u0131nda ya\u015fanan d\u00fc\u015f\u00fc\u015f nedeniyle ulusal para biriminin 2015&#8217;te de\u011fer kaybetti\u011fi Azerbaycan&#8217;da gelir kayb\u0131 ya\u015fansa da krizin etkileri, h\u00fck\u00fcmetin ekonomik reformlar\u0131yla \u00f6nemli \u00f6l\u00e7\u00fcde \u00f6nlendi.<\/p>\n\n\n\n<p>Petrol\u00fcn\u00fc T\u00fcrkiye ve G\u00fcrcistan ortakl\u0131\u011f\u0131yla yapt\u0131\u011f\u0131 Bak\u00fc-Tiflis-Ceyhan Boru Hatt\u0131 ile d\u00fcnyaya ta\u015f\u0131yan Azerbaycan, yine ayn\u0131 \u00fclkeler ve baz\u0131 Avrupa \u00fclkelerinin kat\u0131l\u0131m\u0131yla do\u011fal gaz ihrac\u0131 i\u00e7in G\u00fcney Gaz Koridoru Projesini ger\u00e7ekle\u015ftiriyor.<\/p>\n\n\n\n<p>Hazar&#8217;daki \u015eahdeniz 2 havzas\u0131ndan \u00e7\u0131kar\u0131lacak do\u011fal gaz\u0131n G\u00fcney Kafkas Boru Hatt\u0131, Trans Anadolu Boru Hatt\u0131 (TANAP) ve Trans Adriyatik Boru Hatt\u0131&#8217;ndan (TAP) olu\u015fan G\u00fcney Gaz Koridoru ile T\u00fcrkiye ve Avrupa&#8217;ya aktar\u0131lmas\u0131 \u00f6ng\u00f6r\u00fcl\u00fcyor.<\/p>\n\n\n\n<p>T\u00fcrkiye, Azerbaycan ekonomisine katk\u0131 sa\u011flayan \u00fclkelerin ba\u015f\u0131nda geliyor. 2005-2016 d\u00f6neminde T\u00fcrk firmalar\u0131 taraf\u0131ndan Azerbaycan&#8217;a yap\u0131lan do\u011frudan yat\u0131r\u0131m tutar\u0131 5,5 milyar dolar olurken, bilgi ve ileti\u015fim, finans ve sigorta faaliyetleri, g\u0131da, me\u015frubat ve t\u00fct\u00fcn \u00fcr\u00fcnleri, sanayi ve in\u015faat T\u00fcrk yat\u0131r\u0131mlar\u0131nda \u00f6nde gelen sekt\u00f6rler aras\u0131nda bulunuyor.&nbsp;<\/p>\n\n\n\n<p>Azerbaycan\u2019\u0131n gayri safi yurti\u00e7i has\u0131las\u0131 2016\u2019da 37,8 milyar dolar, ki\u015fi ba\u015f\u0131 gayri safi yurt i\u00e7i has\u0131las\u0131 da yakla\u015f\u0131k 3 bin 900 dolar oldu.<\/p>\n\n\n\n<h5 class=\"wp-block-heading\"><strong>Siyasi Durum<\/strong><\/h5>\n\n\n\n<p>Sovyetlerin da\u011f\u0131lmas\u0131n\u0131n ard\u0131ndan 18 Ekim 1991&#8217;de ba\u011f\u0131ms\u0131zl\u0131\u011f\u0131n\u0131 ilan eden Azerbaycan, referandum yoluyla kabul edilen anayasa ile y\u00f6netiliyor.<\/p>\n\n\n\n<p>\u00dclke, 66 vilayet ve Nah\u00e7\u0131van \u00d6zerk Cumhuriyeti\u2019nden olu\u015fan bir idari yap\u0131lanmaya sahip demokratik, laik ve \u00fcniter bir cumhuriyet olarak tan\u0131mlan\u0131yor. Azerbaycan, kuvvetler ayr\u0131l\u0131\u011f\u0131 prensibiyle y\u00f6netiliyor.<\/p>\n\n\n\n<p>Yasama yetkisi Milli Meclis&#8217;e, y\u00fcr\u00fctme yetkisi Cumhurba\u015fkan\u0131na, yarg\u0131 yetkisi ise mahkemelere ait.&nbsp;<\/p>\n\n\n\n<p>Bakanlar Kurulu, Cumhurba\u015fkan\u0131 taraf\u0131ndan atan\u0131yor ve Milli Meclis taraf\u0131ndan onaylan\u0131yor. 2013&#8217;te yap\u0131lan se\u00e7imlerde \u0130lham Aliyev, ge\u00e7erli oylar\u0131n yakla\u015f\u0131k y\u00fczde 85&#8217;ini alarak 3.kez cumhurba\u015fkan\u0131 se\u00e7ildi.<\/p>\n\n\n\n<p><\/p>\n\n\n\n<p><\/p>\n\n\n\n<p><\/p>\n\n\n\n<h6 class=\"has-text-align-right wp-block-heading\"><a href=\"https:\/\/atamder.org\/index.php\/azerbaycan-2\/\">\u00d6NCEK\u0130 SAYFA<\/a><\/h6>\n","protected":false},"excerpt":{"rendered":"<p>K\u00fcnye Ba\u015fkent:&nbsp;Bak\u00fc N\u00fcfus:&nbsp;9,8 milyon (2017)&nbsp; Etnik yap\u0131:&nbsp;Y\u00fczde 91,6 Azerbaycanl\u0131, y\u00fczde 2 Lezgi, y\u00fczde 1,3 Ermeni, y\u00fczde 1,3 Rus, y\u00fczde 1,3 Tal\u0131\u015f, y\u00fczde 2,5 di\u011fer (2009) &nbsp; Y\u00fcz\u00f6l\u00e7\u00fcm\u00fc:&nbsp;86 bin kilometrekare&nbsp; Dil:&nbsp;Azerbaycanca&hellip;<\/p>\n","protected":false},"author":2,"featured_media":0,"parent":0,"menu_order":0,"comment_status":"closed","ping_status":"closed","template":"","meta":{"footnotes":""},"_links":{"self":[{"href":"https:\/\/atamder.org\/index.php\/wp-json\/wp\/v2\/pages\/2803"}],"collection":[{"href":"https:\/\/atamder.org\/index.php\/wp-json\/wp\/v2\/pages"}],"about":[{"href":"https:\/\/atamder.org\/index.php\/wp-json\/wp\/v2\/types\/page"}],"author":[{"embeddable":true,"href":"https:\/\/atamder.org\/index.php\/wp-json\/wp\/v2\/users\/2"}],"replies":[{"embeddable":true,"href":"https:\/\/atamder.org\/index.php\/wp-json\/wp\/v2\/comments?post=2803"}],"version-history":[{"count":4,"href":"https:\/\/atamder.org\/index.php\/wp-json\/wp\/v2\/pages\/2803\/revisions"}],"predecessor-version":[{"id":4229,"href":"https:\/\/atamder.org\/index.php\/wp-json\/wp\/v2\/pages\/2803\/revisions\/4229"}],"wp:attachment":[{"href":"https:\/\/atamder.org\/index.php\/wp-json\/wp\/v2\/media?parent=2803"}],"curies":[{"name":"wp","href":"https:\/\/api.w.org\/{rel}","templated":true}]}}