{"id":2789,"date":"2020-09-08T04:18:13","date_gmt":"2020-09-08T01:18:13","guid":{"rendered":"http:\/\/atamder.org\/?page_id=2789"},"modified":"2021-01-28T22:30:10","modified_gmt":"2021-01-28T19:30:10","slug":"azerbaycan-2","status":"publish","type":"page","link":"https:\/\/atamder.org\/index.php\/azerbaycan-2\/","title":{"rendered":"AZERBAYCAN"},"content":{"rendered":"\n<p><\/p>\n\n\n\n<p><\/p>\n\n\n\n<p><\/p>\n\n\n\n<h6 class=\"wp-block-heading\"><a href=\"http:\/\/atamder.org\/index.php\/azerbaycan-bayragi\/\">AZERBAYCAN BAYRA\u011eI<\/a><\/h6>\n\n\n\n<h6 class=\"wp-block-heading\"><a href=\"http:\/\/atamder.org\/index.php\/azerbaycan-hakkinda\/\">AZERBAYCAN HAKKINDA<\/a><\/h6>\n\n\n\n<h6 class=\"wp-block-heading\"><a href=\"http:\/\/atamder.org\/index.php\/azerbaycan-t-c-buyukelciligi\/\">AZERBAYCAN T.C. B\u00dcY\u00dcKEL\u00c7\u0130L\u0130\u011e\u0130<\/a><\/h6>\n\n\n\n<p><\/p>\n\n\n\n<p><\/p>\n\n\n\n<h6 class=\"has-text-align-right wp-block-heading\"><a href=\"https:\/\/atamder.org\/index.php\/avrasya\/\">\u00d6NCEK\u0130 SAYFA<\/a><\/h6>\n","protected":false},"excerpt":{"rendered":"<p>AZERBAYCAN BAYRA\u011eI AZERBAYCAN HAKKINDA AZERBAYCAN T.C. B\u00dcY\u00dcKEL\u00c7\u0130L\u0130\u011e\u0130 \u00d6NCEK\u0130 SAYFA<\/p>\n","protected":false},"author":2,"featured_media":0,"parent":0,"menu_order":0,"comment_status":"closed","ping_status":"closed","template":"","meta":{"footnotes":""},"_links":{"self":[{"href":"https:\/\/atamder.org\/index.php\/wp-json\/wp\/v2\/pages\/2789"}],"collection":[{"href":"https:\/\/atamder.org\/index.php\/wp-json\/wp\/v2\/pages"}],"about":[{"href":"https:\/\/atamder.org\/index.php\/wp-json\/wp\/v2\/types\/page"}],"author":[{"embeddable":true,"href":"https:\/\/atamder.org\/index.php\/wp-json\/wp\/v2\/users\/2"}],"replies":[{"embeddable":true,"href":"https:\/\/atamder.org\/index.php\/wp-json\/wp\/v2\/comments?post=2789"}],"version-history":[{"count":6,"href":"https:\/\/atamder.org\/index.php\/wp-json\/wp\/v2\/pages\/2789\/revisions"}],"predecessor-version":[{"id":4747,"href":"https:\/\/atamder.org\/index.php\/wp-json\/wp\/v2\/pages\/2789\/revisions\/4747"}],"wp:attachment":[{"href":"https:\/\/atamder.org\/index.php\/wp-json\/wp\/v2\/media?parent=2789"}],"curies":[{"name":"wp","href":"https:\/\/api.w.org\/{rel}","templated":true}]}}