{"id":2732,"date":"2020-09-08T04:13:59","date_gmt":"2020-09-08T01:13:59","guid":{"rendered":"http:\/\/atamder.org\/?page_id=2732"},"modified":"2024-02-16T03:33:41","modified_gmt":"2024-02-16T00:33:41","slug":"t-c-bakanliklar","status":"publish","type":"page","link":"https:\/\/atamder.org\/index.php\/t-c-bakanliklar\/","title":{"rendered":"T.C. BAKANLIKLAR"},"content":{"rendered":"\n<h3 class=\"wp-block-heading\"><a href=\"https:\/\/atamder.org\/index.php\/turk-devletlerinde-etnopedagojik-egitim-sistemi-turkdes\/\">T.C. \u0130\u00c7\u0130\u015eLER\u0130 BAKANLI\u011eI S\u0130V\u0130L TOPLUMLA \u0130L\u0130\u015eK\u0130LER GENEL M\u00dcD\u00dcRL\u00dc\u011e\u00dc<\/a><\/h3>\n\n\n\n<p><\/p>\n\n\n\n<p><\/p>\n\n\n\n<p><\/p>\n\n\n\n<p><\/p>\n\n\n\n<h6 class=\"wp-block-heading has-text-align-right\"><a href=\"https:\/\/atamder.org\/index.php\/projeler-2\/\">\u00d6NCEK\u0130 SAYFA<\/a><\/h6>\n","protected":false},"excerpt":{"rendered":"<p>T.C. \u0130\u00c7\u0130\u015eLER\u0130 BAKANLI\u011eI S\u0130V\u0130L TOPLUMLA \u0130L\u0130\u015eK\u0130LER GENEL M\u00dcD\u00dcRL\u00dc\u011e\u00dc \u00d6NCEK\u0130 SAYFA<\/p>\n","protected":false},"author":2,"featured_media":0,"parent":0,"menu_order":0,"comment_status":"closed","ping_status":"closed","template":"","meta":{"footnotes":""},"_links":{"self":[{"href":"https:\/\/atamder.org\/index.php\/wp-json\/wp\/v2\/pages\/2732"}],"collection":[{"href":"https:\/\/atamder.org\/index.php\/wp-json\/wp\/v2\/pages"}],"about":[{"href":"https:\/\/atamder.org\/index.php\/wp-json\/wp\/v2\/types\/page"}],"author":[{"embeddable":true,"href":"https:\/\/atamder.org\/index.php\/wp-json\/wp\/v2\/users\/2"}],"replies":[{"embeddable":true,"href":"https:\/\/atamder.org\/index.php\/wp-json\/wp\/v2\/comments?post=2732"}],"version-history":[{"count":6,"href":"https:\/\/atamder.org\/index.php\/wp-json\/wp\/v2\/pages\/2732\/revisions"}],"predecessor-version":[{"id":6061,"href":"https:\/\/atamder.org\/index.php\/wp-json\/wp\/v2\/pages\/2732\/revisions\/6061"}],"wp:attachment":[{"href":"https:\/\/atamder.org\/index.php\/wp-json\/wp\/v2\/media?parent=2732"}],"curies":[{"name":"wp","href":"https:\/\/api.w.org\/{rel}","templated":true}]}}