{"id":2446,"date":"2020-09-08T03:10:24","date_gmt":"2020-09-08T00:10:24","guid":{"rendered":"http:\/\/atamder.org\/?page_id=2446"},"modified":"2024-02-16T03:40:43","modified_gmt":"2024-02-16T00:40:43","slug":"projeler-2","status":"publish","type":"page","link":"https:\/\/atamder.org\/index.php\/projeler-2\/","title":{"rendered":"PROJELER"},"content":{"rendered":"\n<p><\/p>\n\n\n\n<p><\/p>\n\n\n\n<p><\/p>\n\n\n\n<h6 class=\"wp-block-heading\"><a href=\"http:\/\/atamder.org\/index.php\/t-c-bakanliklar\/\">T.C BAKANLIKLAR<\/a><\/h6>\n\n\n\n<h6 class=\"wp-block-heading\"><a href=\"http:\/\/atamder.org\/index.php\/belediyeler-2\/\">BELED\u0130YELER<\/a><\/h6>\n\n\n\n<h6 class=\"wp-block-heading\"><a href=\"http:\/\/atamder.org\/index.php\/diger-2\/\">D\u0130\u011eER<\/a><\/h6>\n","protected":false},"excerpt":{"rendered":"<p>T.C BAKANLIKLAR BELED\u0130YELER D\u0130\u011eER<\/p>\n","protected":false},"author":2,"featured_media":0,"parent":0,"menu_order":0,"comment_status":"closed","ping_status":"closed","template":"","meta":{"footnotes":""},"_links":{"self":[{"href":"https:\/\/atamder.org\/index.php\/wp-json\/wp\/v2\/pages\/2446"}],"collection":[{"href":"https:\/\/atamder.org\/index.php\/wp-json\/wp\/v2\/pages"}],"about":[{"href":"https:\/\/atamder.org\/index.php\/wp-json\/wp\/v2\/types\/page"}],"author":[{"embeddable":true,"href":"https:\/\/atamder.org\/index.php\/wp-json\/wp\/v2\/users\/2"}],"replies":[{"embeddable":true,"href":"https:\/\/atamder.org\/index.php\/wp-json\/wp\/v2\/comments?post=2446"}],"version-history":[{"count":4,"href":"https:\/\/atamder.org\/index.php\/wp-json\/wp\/v2\/pages\/2446\/revisions"}],"predecessor-version":[{"id":6064,"href":"https:\/\/atamder.org\/index.php\/wp-json\/wp\/v2\/pages\/2446\/revisions\/6064"}],"wp:attachment":[{"href":"https:\/\/atamder.org\/index.php\/wp-json\/wp\/v2\/media?parent=2446"}],"curies":[{"name":"wp","href":"https:\/\/api.w.org\/{rel}","templated":true}]}}