{"id":2444,"date":"2020-09-08T03:10:23","date_gmt":"2020-09-08T00:10:23","guid":{"rendered":"http:\/\/atamder.org\/?page_id=2444"},"modified":"2024-01-12T10:55:28","modified_gmt":"2024-01-12T07:55:28","slug":"hakkimizda-2","status":"publish","type":"page","link":"https:\/\/atamder.org\/index.php\/hakkimizda-2\/","title":{"rendered":"HAKKIMIZDA"},"content":{"rendered":"\n<figure class=\"wp-block-image size-full\"><img loading=\"lazy\" decoding=\"async\" width=\"250\" height=\"250\" src=\"https:\/\/atamder.org\/wp-content\/uploads\/2023\/11\/ATAMDER-LOGOLAR.png\" alt=\"\" class=\"wp-image-5869\" srcset=\"https:\/\/atamder.org\/wp-content\/uploads\/2023\/11\/ATAMDER-LOGOLAR.png 250w, https:\/\/atamder.org\/wp-content\/uploads\/2023\/11\/ATAMDER-LOGOLAR-150x150.png 150w, https:\/\/atamder.org\/wp-content\/uploads\/2023\/11\/ATAMDER-LOGOLAR-140x140.png 140w, https:\/\/atamder.org\/wp-content\/uploads\/2023\/11\/ATAMDER-LOGOLAR-100x100.png 100w\" sizes=\"(max-width: 250px) 100vw, 250px\" \/><\/figure>\n\n\n\n<h6 class=\"wp-block-heading\"><a href=\"http:\/\/atamder.org\/index.php\/kurumsal\/\">KURUMSAL<\/a><\/h6>\n\n\n\n<h6 class=\"wp-block-heading\"><a href=\"http:\/\/atamder.org\/index.php\/baskanin-mesaji-3\/\">BA\u015eKAN&#8217;IN MESAJI<\/a><\/h6>\n\n\n\n<h6 class=\"wp-block-heading\"><a href=\"https:\/\/atamder.org\/index.php\/atamder-teskilat-semasi\/\" data-type=\"URL\" data-id=\"https:\/\/atamder.org\/index.php\/atamder-teskilat-semasi\/\">TE\u015eK\u0130LAT \u015eEMASI<\/a><\/h6>\n\n\n\n<h6 class=\"wp-block-heading\"><a href=\"http:\/\/atamder.org\/index.php\/yonetim-kurulu\/\">Y\u00d6NET\u0130M KURULU<\/a><\/h6>\n\n\n\n<h6 class=\"wp-block-heading\"><a href=\"http:\/\/atamder.org\/index.php\/denetim-kurulu\/\">DENET\u0130M KURULU<\/a><\/h6>\n\n\n\n<h6 class=\"wp-block-heading\"><a href=\"http:\/\/atamder.org\/index.php\/danisma-kurulu\/\">Y\u00dcKSEK DANI\u015eMA KURULU<\/a><\/h6>\n\n\n\n<h6 class=\"wp-block-heading\"><a href=\"https:\/\/atamder.org\/index.php\/baskanlar-konseyi\/\">BA\u015eKANLAR KONSEY\u0130<\/a><\/h6>\n\n\n\n<h6 class=\"wp-block-heading\"><a href=\"http:\/\/atamder.org\/index.php\/teskilat-2\/\">TE\u015eK\u0130LAT<\/a><\/h6>\n\n\n\n<p><\/p>\n\n\n\n<p><\/p>\n\n\n\n<p><\/p>\n","protected":false},"excerpt":{"rendered":"<p>KURUMSAL BA\u015eKAN&#8217;IN MESAJI TE\u015eK\u0130LAT \u015eEMASI Y\u00d6NET\u0130M KURULU DENET\u0130M KURULU Y\u00dcKSEK DANI\u015eMA KURULU BA\u015eKANLAR KONSEY\u0130 TE\u015eK\u0130LAT<\/p>\n","protected":false},"author":2,"featured_media":0,"parent":0,"menu_order":0,"comment_status":"closed","ping_status":"closed","template":"","meta":{"footnotes":""},"_links":{"self":[{"href":"https:\/\/atamder.org\/index.php\/wp-json\/wp\/v2\/pages\/2444"}],"collection":[{"href":"https:\/\/atamder.org\/index.php\/wp-json\/wp\/v2\/pages"}],"about":[{"href":"https:\/\/atamder.org\/index.php\/wp-json\/wp\/v2\/types\/page"}],"author":[{"embeddable":true,"href":"https:\/\/atamder.org\/index.php\/wp-json\/wp\/v2\/users\/2"}],"replies":[{"embeddable":true,"href":"https:\/\/atamder.org\/index.php\/wp-json\/wp\/v2\/comments?post=2444"}],"version-history":[{"count":13,"href":"https:\/\/atamder.org\/index.php\/wp-json\/wp\/v2\/pages\/2444\/revisions"}],"predecessor-version":[{"id":6007,"href":"https:\/\/atamder.org\/index.php\/wp-json\/wp\/v2\/pages\/2444\/revisions\/6007"}],"wp:attachment":[{"href":"https:\/\/atamder.org\/index.php\/wp-json\/wp\/v2\/media?parent=2444"}],"curies":[{"name":"wp","href":"https:\/\/api.w.org\/{rel}","templated":true}]}}