{"id":1974,"date":"2020-09-04T02:29:20","date_gmt":"2020-09-03T23:29:20","guid":{"rendered":"http:\/\/atamder.org\/?page_id=1974"},"modified":"2020-09-30T01:32:45","modified_gmt":"2020-09-29T22:32:45","slug":"tacikistan","status":"publish","type":"page","link":"https:\/\/atamder.org\/index.php\/tacikistan\/","title":{"rendered":"TAC\u0130K\u0130STAN"},"content":{"rendered":"\n<p><\/p>\n\n\n\n<p><\/p>\n\n\n\n<p><\/p>\n\n\n\n<h6 class=\"wp-block-heading\"><a href=\"http:\/\/atamder.org\/index.php\/tacikistan-bayragi\/\">TAC\u0130K\u0130STAN BAYRA\u011eI<\/a><\/h6>\n\n\n\n<h6 class=\"wp-block-heading\"><a href=\"http:\/\/atamder.org\/index.php\/tacikistan-hakkinda\/\">TAC\u0130K\u0130STAN HAKKINDA<\/a><\/h6>\n\n\n\n<h6 class=\"wp-block-heading\"><a href=\"http:\/\/atamder.org\/index.php\/tacikistan-t-c-buyukelciligi\/\">TAC\u0130K\u0130STAN T.C. B\u00dcY\u00dcKEL\u00c7\u0130L\u0130\u011e\u0130<\/a><\/h6>\n\n\n\n<p><\/p>\n\n\n\n<p><\/p>\n\n\n\n<p><\/p>\n\n\n\n<h6 class=\"has-text-align-right wp-block-heading\"><a href=\"https:\/\/atamder.org\/index.php\/avrasya\/\">\u00d6NCEK\u0130 SAYFA<\/a><\/h6>\n","protected":false},"excerpt":{"rendered":"<p>TAC\u0130K\u0130STAN BAYRA\u011eI TAC\u0130K\u0130STAN HAKKINDA TAC\u0130K\u0130STAN T.C. B\u00dcY\u00dcKEL\u00c7\u0130L\u0130\u011e\u0130 \u00d6NCEK\u0130 SAYFA<\/p>\n","protected":false},"author":2,"featured_media":0,"parent":0,"menu_order":0,"comment_status":"closed","ping_status":"closed","template":"","meta":{"footnotes":""},"_links":{"self":[{"href":"https:\/\/atamder.org\/index.php\/wp-json\/wp\/v2\/pages\/1974"}],"collection":[{"href":"https:\/\/atamder.org\/index.php\/wp-json\/wp\/v2\/pages"}],"about":[{"href":"https:\/\/atamder.org\/index.php\/wp-json\/wp\/v2\/types\/page"}],"author":[{"embeddable":true,"href":"https:\/\/atamder.org\/index.php\/wp-json\/wp\/v2\/users\/2"}],"replies":[{"embeddable":true,"href":"https:\/\/atamder.org\/index.php\/wp-json\/wp\/v2\/comments?post=1974"}],"version-history":[{"count":5,"href":"https:\/\/atamder.org\/index.php\/wp-json\/wp\/v2\/pages\/1974\/revisions"}],"predecessor-version":[{"id":4211,"href":"https:\/\/atamder.org\/index.php\/wp-json\/wp\/v2\/pages\/1974\/revisions\/4211"}],"wp:attachment":[{"href":"https:\/\/atamder.org\/index.php\/wp-json\/wp\/v2\/media?parent=1974"}],"curies":[{"name":"wp","href":"https:\/\/api.w.org\/{rel}","templated":true}]}}