{"id":1965,"date":"2020-09-04T02:29:19","date_gmt":"2020-09-03T23:29:19","guid":{"rendered":"http:\/\/atamder.org\/?page_id=1965"},"modified":"2020-09-30T01:30:04","modified_gmt":"2020-09-29T22:30:04","slug":"kirgizistan","status":"publish","type":"page","link":"https:\/\/atamder.org\/index.php\/kirgizistan\/","title":{"rendered":"KIRGIZ\u0130STAN"},"content":{"rendered":"\n<p><\/p>\n\n\n\n<p><\/p>\n\n\n\n<p><\/p>\n\n\n\n<h6 class=\"wp-block-heading\"><a href=\"http:\/\/atamder.org\/index.php\/kirgizistan-bayragi\/\">KIRGIZ\u0130STAN BAYRA\u011eI<\/a><\/h6>\n\n\n\n<h6 class=\"wp-block-heading\"><a href=\"http:\/\/atamder.org\/index.php\/kirgizistan-hakkinda\/\">KIRGIZ\u0130STAN HAKKINDA<\/a><\/h6>\n\n\n\n<h6 class=\"wp-block-heading\"><a href=\"http:\/\/atamder.org\/index.php\/kirgizistan-t-c-buyukelciligi\/\">KIRGIZ\u0130STAN T.C. B\u00dcY\u00dcKEL\u00c7\u0130L\u0130\u011e\u0130<\/a><\/h6>\n\n\n\n<p><\/p>\n\n\n\n<p><\/p>\n\n\n\n<p><\/p>\n\n\n\n<h6 class=\"has-text-align-right wp-block-heading\"><a href=\"https:\/\/atamder.org\/index.php\/avrasya\/\">\u00d6NCEK\u0130 SAYFA<\/a><\/h6>\n","protected":false},"excerpt":{"rendered":"<p>KIRGIZ\u0130STAN BAYRA\u011eI KIRGIZ\u0130STAN HAKKINDA KIRGIZ\u0130STAN T.C. B\u00dcY\u00dcKEL\u00c7\u0130L\u0130\u011e\u0130 \u00d6NCEK\u0130 SAYFA<\/p>\n","protected":false},"author":2,"featured_media":0,"parent":0,"menu_order":0,"comment_status":"closed","ping_status":"closed","template":"","meta":{"footnotes":""},"_links":{"self":[{"href":"https:\/\/atamder.org\/index.php\/wp-json\/wp\/v2\/pages\/1965"}],"collection":[{"href":"https:\/\/atamder.org\/index.php\/wp-json\/wp\/v2\/pages"}],"about":[{"href":"https:\/\/atamder.org\/index.php\/wp-json\/wp\/v2\/types\/page"}],"author":[{"embeddable":true,"href":"https:\/\/atamder.org\/index.php\/wp-json\/wp\/v2\/users\/2"}],"replies":[{"embeddable":true,"href":"https:\/\/atamder.org\/index.php\/wp-json\/wp\/v2\/comments?post=1965"}],"version-history":[{"count":5,"href":"https:\/\/atamder.org\/index.php\/wp-json\/wp\/v2\/pages\/1965\/revisions"}],"predecessor-version":[{"id":4202,"href":"https:\/\/atamder.org\/index.php\/wp-json\/wp\/v2\/pages\/1965\/revisions\/4202"}],"wp:attachment":[{"href":"https:\/\/atamder.org\/index.php\/wp-json\/wp\/v2\/media?parent=1965"}],"curies":[{"name":"wp","href":"https:\/\/api.w.org\/{rel}","templated":true}]}}