{"id":1943,"date":"2020-09-04T02:29:17","date_gmt":"2020-09-03T23:29:17","guid":{"rendered":"http:\/\/atamder.org\/?page_id=1943"},"modified":"2023-01-12T23:58:15","modified_gmt":"2023-01-12T20:58:15","slug":"panel-konferans-calistay-soylesi","status":"publish","type":"page","link":"https:\/\/atamder.org\/index.php\/panel-konferans-calistay-soylesi\/","title":{"rendered":"PANEL\/KONFERANS\/\u00c7ALI\u015eTAY\/S\u00d6YLE\u015e\u0130"},"content":{"rendered":"\n<h4 class=\"wp-block-heading\"><strong><a rel=\"noreferrer noopener\" href=\"https:\/\/www.yumpu.com\/xx\/document\/view\/65742523\/1-avrasya-baris-kurultayi\" target=\"_blank\">AVRASYA BARI\u015e B\u0130RL\u0130\u011e\u0130 \u00c7ALI\u015eTAYI<\/a><\/strong><\/h4>\n\n\n\n<figure class=\"wp-block-image size-large\"><img loading=\"lazy\" decoding=\"async\" width=\"433\" height=\"389\" src=\"https:\/\/atamder.org\/wp-content\/uploads\/2021\/07\/avarsya-logo-SON.png\" alt=\"\" class=\"wp-image-5143\" srcset=\"https:\/\/atamder.org\/wp-content\/uploads\/2021\/07\/avarsya-logo-SON.png 433w, https:\/\/atamder.org\/wp-content\/uploads\/2021\/07\/avarsya-logo-SON-300x270.png 300w, https:\/\/atamder.org\/wp-content\/uploads\/2021\/07\/avarsya-logo-SON-140x126.png 140w\" sizes=\"(max-width: 433px) 100vw, 433px\" \/><\/figure>\n\n\n\n<figure class=\"wp-block-embed is-type-video is-provider-youtube wp-block-embed-youtube wp-embed-aspect-16-9 wp-has-aspect-ratio\"><div class=\"wp-block-embed__wrapper\">\n<iframe loading=\"lazy\" title=\"AVRASYA BARI\u015e B\u0130RL\u0130\u011e\u0130\" width=\"560\" height=\"315\" src=\"https:\/\/www.youtube.com\/embed\/LZ28su9vd5I?feature=oembed\" frameborder=\"0\" allow=\"accelerometer; autoplay; clipboard-write; encrypted-media; gyroscope; picture-in-picture; web-share\" allowfullscreen><\/iframe>\n<\/div><\/figure>\n\n\n\n<h2 class=\"wp-block-heading\"><a href=\"https:\/\/turkdes.org\/\" target=\"_blank\" rel=\"noreferrer noopener\">T\u00dcRK DEVLETLER\u0130NDE ETNOPEDOGOJ\u0130K E\u011e\u0130T\u0130M S\u0130STEM\u0130 &#8221; T\u00dcRKDES &#8220;<\/a><\/h2>\n\n\n\n<figure class=\"wp-block-embed is-type-video is-provider-youtube wp-block-embed-youtube wp-embed-aspect-16-9 wp-has-aspect-ratio\"><div class=\"wp-block-embed__wrapper\">\n<iframe loading=\"lazy\" title=\"T\u00dcRK DEVLETLER\u0130NDE ETNOPEDOGOJ\u0130K E\u011e\u0130T\u0130M S\u0130STEM\u0130 &quot; T\u00dcRKDES &quot;\" width=\"560\" height=\"315\" src=\"https:\/\/www.youtube.com\/embed\/6tlHRxnN5yA?feature=oembed\" frameborder=\"0\" allow=\"accelerometer; autoplay; clipboard-write; encrypted-media; gyroscope; picture-in-picture; web-share\" allowfullscreen><\/iframe>\n<\/div><\/figure>\n\n\n\n<figure class=\"wp-block-embed is-type-video is-provider-youtube wp-block-embed-youtube wp-embed-aspect-16-9 wp-has-aspect-ratio\"><div class=\"wp-block-embed__wrapper\">\n<iframe loading=\"lazy\" title=\"T\u00dcRKDES 1. KONFERANS CANLI YAYINI\" width=\"560\" height=\"315\" src=\"https:\/\/www.youtube.com\/embed\/DvUlLj81_aw?feature=oembed\" frameborder=\"0\" allow=\"accelerometer; autoplay; clipboard-write; encrypted-media; gyroscope; picture-in-picture; web-share\" allowfullscreen><\/iframe>\n<\/div><\/figure>\n\n\n\n<p><\/p>\n\n\n\n<p><\/p>\n\n\n\n<p><\/p>\n\n\n\n<p><\/p>\n\n\n\n<h6 class=\"has-text-align-right wp-block-heading\"><a href=\"https:\/\/atamder.org\/index.php\/faaliyetlerimiz-3\/\">\u00d6NCEK\u0130 SAYFA<\/a><\/h6>\n\n\n\n<p><\/p>\n","protected":false},"excerpt":{"rendered":"<p>AVRASYA BARI\u015e B\u0130RL\u0130\u011e\u0130 \u00c7ALI\u015eTAYI T\u00dcRK DEVLETLER\u0130NDE ETNOPEDOGOJ\u0130K E\u011e\u0130T\u0130M S\u0130STEM\u0130 &#8221; T\u00dcRKDES &#8220; \u00d6NCEK\u0130 SAYFA<\/p>\n","protected":false},"author":2,"featured_media":0,"parent":0,"menu_order":0,"comment_status":"closed","ping_status":"closed","template":"","meta":{"footnotes":""},"_links":{"self":[{"href":"https:\/\/atamder.org\/index.php\/wp-json\/wp\/v2\/pages\/1943"}],"collection":[{"href":"https:\/\/atamder.org\/index.php\/wp-json\/wp\/v2\/pages"}],"about":[{"href":"https:\/\/atamder.org\/index.php\/wp-json\/wp\/v2\/types\/page"}],"author":[{"embeddable":true,"href":"https:\/\/atamder.org\/index.php\/wp-json\/wp\/v2\/users\/2"}],"replies":[{"embeddable":true,"href":"https:\/\/atamder.org\/index.php\/wp-json\/wp\/v2\/comments?post=1943"}],"version-history":[{"count":7,"href":"https:\/\/atamder.org\/index.php\/wp-json\/wp\/v2\/pages\/1943\/revisions"}],"predecessor-version":[{"id":5362,"href":"https:\/\/atamder.org\/index.php\/wp-json\/wp\/v2\/pages\/1943\/revisions\/5362"}],"wp:attachment":[{"href":"https:\/\/atamder.org\/index.php\/wp-json\/wp\/v2\/media?parent=1943"}],"curies":[{"name":"wp","href":"https:\/\/api.w.org\/{rel}","templated":true}]}}