{"id":1933,"date":"2020-09-04T02:29:16","date_gmt":"2020-09-03T23:29:16","guid":{"rendered":"http:\/\/atamder.org\/?page_id=1933"},"modified":"2021-09-11T00:50:31","modified_gmt":"2021-09-10T21:50:31","slug":"yurt-ici-bolge-temsilciliklerimiz","status":"publish","type":"page","link":"https:\/\/atamder.org\/index.php\/yurt-ici-bolge-temsilciliklerimiz\/","title":{"rendered":"YURT \u0130\u00c7\u0130 B\u00d6LGE TEMS\u0130LC\u0130L\u0130KLER\u0130M\u0130Z"},"content":{"rendered":"\n<figure class=\"wp-block-image size-large is-resized\"><img loading=\"lazy\" decoding=\"async\" src=\"https:\/\/i.pinimg.com\/564x\/29\/ec\/63\/29ec638e97d0b357c78872443a70fa20.jpg\" alt=\"\" width=\"643\" height=\"322\"\/><\/figure>\n\n\n\n<h6 class=\"wp-block-heading\"><a href=\"http:\/\/atamder.org\/index.php\/akdeniz-bolge-temsilci-baskanligi\/\">AKDEN\u0130Z B\u00d6LGE TEMS\u0130LC\u0130L\u0130\u011e\u0130 BA\u015eKANI<\/a><\/h6>\n\n\n\n<h6 class=\"wp-block-heading\"><a href=\"http:\/\/atamder.org\/index.php\/dogu-anadolu-bolge-temsilci-baskanligi\/\">DO\u011eU VE G\u00dcNEY DO\u011eU ANADOLU B\u00d6LGE TEMS\u0130LC\u0130 BA\u015eKANLI\u011eI<\/a><\/h6>\n\n\n\n<h6 class=\"wp-block-heading\"><a href=\"http:\/\/atamder.org\/index.php\/ege-bolge-temsilci-baskanligi\/\">EGE B\u00d6LGE TEMS\u0130LC\u0130L\u0130\u011e\u0130 BA\u015eKANI<\/a><\/h6>\n\n\n\n<h6 class=\"wp-block-heading\"><a href=\"http:\/\/atamder.org\/index.php\/ic-anadolu-bolge-temsilci-baskanligi\/\">\u0130\u00c7 ANADOLU B\u00d6LGE TEMS\u0130LC\u0130L\u0130\u011e\u0130 BA\u015eKANI<\/a><\/h6>\n\n\n\n<h6 class=\"wp-block-heading\"><a href=\"http:\/\/atamder.org\/index.php\/karadeniz-bolge-temsilci-baskanligi\/\">KARADEN\u0130Z B\u00d6LGE TEMS\u0130LC\u0130L\u0130\u011e\u0130 BA\u015eKANI<\/a><\/h6>\n\n\n\n<h6 class=\"wp-block-heading\"><a href=\"http:\/\/atamder.org\/index.php\/marmara-bolge-temsilci-baskanligi\/\">MARMARA B\u00d6LGE TEMS\u0130LC\u0130 BA\u015eKANI<\/a><\/h6>\n\n\n\n<p><\/p>\n\n\n\n<p><\/p>\n\n\n\n<p><\/p>\n\n\n\n<p><\/p>\n\n\n\n<h6 class=\"has-text-align-right wp-block-heading\"><a href=\"https:\/\/atamder.org\/index.php\/teskilat-2\/\">\u00d6NCEK\u0130 SAYFA<\/a><\/h6>\n","protected":false},"excerpt":{"rendered":"<p>AKDEN\u0130Z B\u00d6LGE TEMS\u0130LC\u0130L\u0130\u011e\u0130 BA\u015eKANI DO\u011eU VE G\u00dcNEY DO\u011eU ANADOLU B\u00d6LGE TEMS\u0130LC\u0130 BA\u015eKANLI\u011eI EGE B\u00d6LGE TEMS\u0130LC\u0130L\u0130\u011e\u0130 BA\u015eKANI \u0130\u00c7 ANADOLU B\u00d6LGE TEMS\u0130LC\u0130L\u0130\u011e\u0130 BA\u015eKANI KARADEN\u0130Z B\u00d6LGE TEMS\u0130LC\u0130L\u0130\u011e\u0130 BA\u015eKANI MARMARA B\u00d6LGE TEMS\u0130LC\u0130 BA\u015eKANI \u00d6NCEK\u0130&hellip;<\/p>\n","protected":false},"author":2,"featured_media":0,"parent":0,"menu_order":0,"comment_status":"closed","ping_status":"closed","template":"","meta":{"footnotes":""},"_links":{"self":[{"href":"https:\/\/atamder.org\/index.php\/wp-json\/wp\/v2\/pages\/1933"}],"collection":[{"href":"https:\/\/atamder.org\/index.php\/wp-json\/wp\/v2\/pages"}],"about":[{"href":"https:\/\/atamder.org\/index.php\/wp-json\/wp\/v2\/types\/page"}],"author":[{"embeddable":true,"href":"https:\/\/atamder.org\/index.php\/wp-json\/wp\/v2\/users\/2"}],"replies":[{"embeddable":true,"href":"https:\/\/atamder.org\/index.php\/wp-json\/wp\/v2\/comments?post=1933"}],"version-history":[{"count":10,"href":"https:\/\/atamder.org\/index.php\/wp-json\/wp\/v2\/pages\/1933\/revisions"}],"predecessor-version":[{"id":5192,"href":"https:\/\/atamder.org\/index.php\/wp-json\/wp\/v2\/pages\/1933\/revisions\/5192"}],"wp:attachment":[{"href":"https:\/\/atamder.org\/index.php\/wp-json\/wp\/v2\/media?parent=1933"}],"curies":[{"name":"wp","href":"https:\/\/api.w.org\/{rel}","templated":true}]}}